{"id":134,"date":"2023-05-18T20:27:08","date_gmt":"2023-05-18T20:27:08","guid":{"rendered":"http:\/\/clicksfotoivideo.ergatesweb8.ovh\/?page_id=134"},"modified":"2023-11-22T11:03:16","modified_gmt":"2023-11-22T10:03:16","slug":"declaracio-daccessibilitat","status":"publish","type":"page","link":"https:\/\/clicksfotoivideo.com\/ca\/declaracio-daccessibilitat\/","title":{"rendered":"Declaraci\u00f3 d&#8217;accessibilitat"},"content":{"rendered":"<div  class='flex_column av-105su-b37ba425f3d81987c5209e7f7fffb8f7 av_one_full  avia-builder-el-0  avia-builder-el-no-sibling  first flex_column_div  '     ><p>\n<style type=\"text\/css\" data-created_by=\"avia_inline_auto\" id=\"style-css-av-lhtlawvs-170b002b3d9047b1e22afdfbcbf0a172\">\n#top .av-special-heading.av-lhtlawvs-170b002b3d9047b1e22afdfbcbf0a172{\npadding-bottom:10px;\n}\nbody .av-special-heading.av-lhtlawvs-170b002b3d9047b1e22afdfbcbf0a172 .av-special-heading-tag .heading-char{\nfont-size:25px;\n}\n.av-special-heading.av-lhtlawvs-170b002b3d9047b1e22afdfbcbf0a172 .av-subheading{\nfont-size:15px;\n}\n<\/style>\n<div  class='av-special-heading av-lhtlawvs-170b002b3d9047b1e22afdfbcbf0a172 av-special-heading-h1 blockquote modern-quote  avia-builder-el-1  el_before_av_textblock  avia-builder-el-first '><h1 class='av-special-heading-tag '  itemprop=\"headline\"  >Declaraci\u00f3 d\u2019accessibilitat<\/h1><div class=\"special-heading-border\"><div class=\"special-heading-inner-border\"><\/div><\/div><\/div><br \/>\n<section  class='av_textblock_section av-lhtl1wru-9febd0037279fae4a2d0208f97eda571 '   itemscope=\"itemscope\" itemtype=\"https:\/\/schema.org\/CreativeWork\" ><div class='avia_textblock'  itemprop=\"text\" ><p>Miquel Guillemas Sabata es compromet a fer accessible el vostre lloc web de conformitat amb el <a href=\"https:\/\/www.boe.es\/eli\/es\/rd\/2018\/09\/07\/1112\">Real Decreto 1112\/2018<\/a>, de 7 de setembre, sobre accessibilitat dels llocs web i aplicacions per a dispositius m\u00f2bils del sector p\u00fablic.<\/p>\n<p>Aquesta declaraci\u00f3 d&#8217;accessibilitat s&#8217;aplica a aquest lloc web.<\/p>\n<h2>Situaci\u00f3 de compliment<\/h2>\n<p>Aquest lloc web \u00e9s plenament conforme amb el RD 1112\/2018.<\/p>\n<h2>Contingut no accessible<\/h2>\n<p>El contingut que es recull a continuaci\u00f3 no \u00e9s accessible pel seg\u00fcent:<\/p>\n<p><strong>Manca de conformitat amb el RD 1112\/2018<\/strong><\/p>\n<p>Es poden trobar encara nidaments incorrectes d&#8217;etiquetes.<\/p>\n<p>Podrien haver-hi errors puntuals d&#8217;edici\u00f3 a la p\u00e0gina web.<\/p>\n<p><strong>C\u00e0rrega desproporcionada<\/strong><\/p>\n<p>No s&#8217;aplica.<\/p>\n<h2>Preparaci\u00f3 d&#8217;aquesta declaraci\u00f3 d&#8217;accessibilitat<\/h2>\n<p>Aquesta declaraci\u00f3 ha estat preparada el 05 de maig de 2023.<\/p>\n<p>El m\u00e8tode emprat per preparar la declaraci\u00f3 ha estat una autoavaluaci\u00f3 duta a terme per la pr\u00f2pia empresa.<\/p>\n<h2>Observacions i dades de contacte<\/h2>\n<p>Podeu realitzar comunicacions sobre requisits d&#8217;accessibilitat (article 10.2.a) del RD 1112\/2018) com per exemple:<\/p>\n<ul>\n<li>Informar sobre qualsevol possible incompliment per part d\u2019aquest lloc web.<\/li>\n<li>Transmetre altres dificultats per accedir al contingut.<\/li>\n<li>Formular qualsevol altra consulta o suggeriment de millora relativa a l\u2019accessibilitat del lloc web.<\/li>\n<\/ul>\n<p>A trav\u00e9s del nostre formulari de contacte, per tel\u00e8fon o de manera presencial a la nostra seu.<\/p>\n<p>Les comunicacions, les queixes i les sol\u00b7licituds d&#8217;informaci\u00f3 accessibles seran rebudes i tractades pel nostre equip.<\/p>\n<\/div><\/section><\/p><\/div>\n","protected":false},"excerpt":{"rendered":"","protected":false},"author":3,"featured_media":0,"parent":0,"menu_order":0,"comment_status":"closed","ping_status":"closed","template":"","meta":{"footnotes":""},"class_list":["post-134","page","type-page","status-publish","hentry"],"yoast_head":"<!-- This site is optimized with the Yoast SEO plugin v27.3 - https:\/\/yoast.com\/product\/yoast-seo-wordpress\/ -->\n<title>Declaraci\u00f3 d&#039;accessibilitat del lloc web<\/title>\n<meta name=\"description\" content=\"Coneix la nostra declaraci\u00f3 d&#039;accessibilitat i el nostre comprom\u00eds amb tots els usuaris.\" \/>\n<meta name=\"robots\" content=\"index, follow, max-snippet:-1, max-image-preview:large, max-video-preview:-1\" \/>\n<link rel=\"canonical\" href=\"https:\/\/clicksfotoivideo.com\/ca\/declaracio-daccessibilitat\/\" \/>\n<meta property=\"og:locale\" content=\"ca_ES\" \/>\n<meta property=\"og:type\" content=\"article\" \/>\n<meta property=\"og:title\" content=\"Declaraci\u00f3 d&#039;accessibilitat del lloc web\" \/>\n<meta property=\"og:description\" content=\"Coneix la nostra declaraci\u00f3 d&#039;accessibilitat i el nostre comprom\u00eds amb tots els usuaris.\" \/>\n<meta property=\"og:url\" content=\"https:\/\/clicksfotoivideo.com\/ca\/declaracio-daccessibilitat\/\" \/>\n<meta property=\"og:site_name\" content=\"Clicks Foto y V\u00eddeo\" \/>\n<meta property=\"article:modified_time\" content=\"2023-11-22T10:03:16+00:00\" \/>\n<meta name=\"twitter:card\" content=\"summary_large_image\" \/>\n<meta name=\"twitter:label1\" content=\"Temps estimat de lectura\" \/>\n\t<meta name=\"twitter:data1\" content=\"3 minuts\" \/>\n<script type=\"application\/ld+json\" class=\"yoast-schema-graph\">{\"@context\":\"https:\\\/\\\/schema.org\",\"@graph\":[{\"@type\":\"WebPage\",\"@id\":\"https:\\\/\\\/clicksfotoivideo.com\\\/ca\\\/declaracio-daccessibilitat\\\/\",\"url\":\"https:\\\/\\\/clicksfotoivideo.com\\\/ca\\\/declaracio-daccessibilitat\\\/\",\"name\":\"Declaraci\u00f3 d'accessibilitat del lloc web\",\"isPartOf\":{\"@id\":\"https:\\\/\\\/clicksfotoivideo.com\\\/ca\\\/#website\"},\"datePublished\":\"2023-05-18T20:27:08+00:00\",\"dateModified\":\"2023-11-22T10:03:16+00:00\",\"description\":\"Coneix la nostra declaraci\u00f3 d'accessibilitat i el nostre comprom\u00eds amb tots els usuaris.\",\"breadcrumb\":{\"@id\":\"https:\\\/\\\/clicksfotoivideo.com\\\/ca\\\/declaracio-daccessibilitat\\\/#breadcrumb\"},\"inLanguage\":\"ca\",\"potentialAction\":[{\"@type\":\"ReadAction\",\"target\":[\"https:\\\/\\\/clicksfotoivideo.com\\\/ca\\\/declaracio-daccessibilitat\\\/\"]}]},{\"@type\":\"BreadcrumbList\",\"@id\":\"https:\\\/\\\/clicksfotoivideo.com\\\/ca\\\/declaracio-daccessibilitat\\\/#breadcrumb\",\"itemListElement\":[{\"@type\":\"ListItem\",\"position\":1,\"name\":\"Inici\",\"item\":\"https:\\\/\\\/clicksfotoivideo.com\\\/ca\\\/inici\\\/\"},{\"@type\":\"ListItem\",\"position\":2,\"name\":\"Declaraci\u00f3 d&#8217;accessibilitat\"}]},{\"@type\":\"WebSite\",\"@id\":\"https:\\\/\\\/clicksfotoivideo.com\\\/ca\\\/#website\",\"url\":\"https:\\\/\\\/clicksfotoivideo.com\\\/ca\\\/\",\"name\":\"Clicks Foto y V\u00eddeo\",\"description\":\"Tu boda perfecta con fot\u00f3grafos profesionales\",\"potentialAction\":[{\"@type\":\"SearchAction\",\"target\":{\"@type\":\"EntryPoint\",\"urlTemplate\":\"https:\\\/\\\/clicksfotoivideo.com\\\/ca\\\/?s={search_term_string}\"},\"query-input\":{\"@type\":\"PropertyValueSpecification\",\"valueRequired\":true,\"valueName\":\"search_term_string\"}}],\"inLanguage\":\"ca\"}]}<\/script>\n<!-- \/ Yoast SEO plugin. -->","yoast_head_json":{"title":"Declaraci\u00f3 d'accessibilitat del lloc web","description":"Coneix la nostra declaraci\u00f3 d'accessibilitat i el nostre comprom\u00eds amb tots els usuaris.","robots":{"index":"index","follow":"follow","max-snippet":"max-snippet:-1","max-image-preview":"max-image-preview:large","max-video-preview":"max-video-preview:-1"},"canonical":"https:\/\/clicksfotoivideo.com\/ca\/declaracio-daccessibilitat\/","og_locale":"ca_ES","og_type":"article","og_title":"Declaraci\u00f3 d'accessibilitat del lloc web","og_description":"Coneix la nostra declaraci\u00f3 d'accessibilitat i el nostre comprom\u00eds amb tots els usuaris.","og_url":"https:\/\/clicksfotoivideo.com\/ca\/declaracio-daccessibilitat\/","og_site_name":"Clicks Foto y V\u00eddeo","article_modified_time":"2023-11-22T10:03:16+00:00","twitter_card":"summary_large_image","twitter_misc":{"Temps estimat de lectura":"3 minuts"},"schema":{"@context":"https:\/\/schema.org","@graph":[{"@type":"WebPage","@id":"https:\/\/clicksfotoivideo.com\/ca\/declaracio-daccessibilitat\/","url":"https:\/\/clicksfotoivideo.com\/ca\/declaracio-daccessibilitat\/","name":"Declaraci\u00f3 d'accessibilitat del lloc web","isPartOf":{"@id":"https:\/\/clicksfotoivideo.com\/ca\/#website"},"datePublished":"2023-05-18T20:27:08+00:00","dateModified":"2023-11-22T10:03:16+00:00","description":"Coneix la nostra declaraci\u00f3 d'accessibilitat i el nostre comprom\u00eds amb tots els usuaris.","breadcrumb":{"@id":"https:\/\/clicksfotoivideo.com\/ca\/declaracio-daccessibilitat\/#breadcrumb"},"inLanguage":"ca","potentialAction":[{"@type":"ReadAction","target":["https:\/\/clicksfotoivideo.com\/ca\/declaracio-daccessibilitat\/"]}]},{"@type":"BreadcrumbList","@id":"https:\/\/clicksfotoivideo.com\/ca\/declaracio-daccessibilitat\/#breadcrumb","itemListElement":[{"@type":"ListItem","position":1,"name":"Inici","item":"https:\/\/clicksfotoivideo.com\/ca\/inici\/"},{"@type":"ListItem","position":2,"name":"Declaraci\u00f3 d&#8217;accessibilitat"}]},{"@type":"WebSite","@id":"https:\/\/clicksfotoivideo.com\/ca\/#website","url":"https:\/\/clicksfotoivideo.com\/ca\/","name":"Clicks Foto y V\u00eddeo","description":"Tu boda perfecta con fot\u00f3grafos profesionales","potentialAction":[{"@type":"SearchAction","target":{"@type":"EntryPoint","urlTemplate":"https:\/\/clicksfotoivideo.com\/ca\/?s={search_term_string}"},"query-input":{"@type":"PropertyValueSpecification","valueRequired":true,"valueName":"search_term_string"}}],"inLanguage":"ca"}]}},"_links":{"self":[{"href":"https:\/\/clicksfotoivideo.com\/ca\/wp-json\/wp\/v2\/pages\/134","targetHints":{"allow":["GET"]}}],"collection":[{"href":"https:\/\/clicksfotoivideo.com\/ca\/wp-json\/wp\/v2\/pages"}],"about":[{"href":"https:\/\/clicksfotoivideo.com\/ca\/wp-json\/wp\/v2\/types\/page"}],"author":[{"embeddable":true,"href":"https:\/\/clicksfotoivideo.com\/ca\/wp-json\/wp\/v2\/users\/3"}],"replies":[{"embeddable":true,"href":"https:\/\/clicksfotoivideo.com\/ca\/wp-json\/wp\/v2\/comments?post=134"}],"version-history":[{"count":5,"href":"https:\/\/clicksfotoivideo.com\/ca\/wp-json\/wp\/v2\/pages\/134\/revisions"}],"predecessor-version":[{"id":741,"href":"https:\/\/clicksfotoivideo.com\/ca\/wp-json\/wp\/v2\/pages\/134\/revisions\/741"}],"wp:attachment":[{"href":"https:\/\/clicksfotoivideo.com\/ca\/wp-json\/wp\/v2\/media?parent=134"}],"curies":[{"name":"wp","href":"https:\/\/api.w.org\/{rel}","templated":true}]}}