{"id":1518,"date":"2026-01-19T13:34:40","date_gmt":"2026-01-19T12:34:40","guid":{"rendered":"https:\/\/clicksfotoivideo.com\/?page_id=1518"},"modified":"2026-01-19T13:34:40","modified_gmt":"2026-01-19T12:34:40","slug":"blog","status":"publish","type":"page","link":"https:\/\/clicksfotoivideo.com\/ca\/blog\/","title":{"rendered":"Blog"},"content":{"rendered":"\n<style type=\"text\/css\" data-created_by=\"avia_inline_auto\" id=\"style-css-av-av_section-f380ab0848b877910e82b7d50e90ab70\">\n.avia-section.av-av_section-f380ab0848b877910e82b7d50e90ab70{\nbackground-repeat:no-repeat;\nbackground-image:url(https:\/\/clicksfotoivideo.com\/wp-content\/uploads\/2023\/10\/clicks-foto-i-video-portfolio-02-1500x430.jpg);\nbackground-position:50% 0%;\nbackground-attachment:scroll;\n}\n.avia-section.av-av_section-f380ab0848b877910e82b7d50e90ab70 .av-section-color-overlay{\nopacity:0.9;\nbackground-color:#0a0a0a;\n}\n<\/style>\n<div id='av_section_1'  class='avia-section av-av_section-f380ab0848b877910e82b7d50e90ab70 main_color avia-section-default avia-no-border-styling  avia-builder-el-0  el_before_av_one_fifth  avia-builder-el-first  avia-full-stretch avia-bg-style-scroll av-section-color-overlay-active av-minimum-height av-minimum-height-20 av-height-percent  container_wrap fullsize'  data-section-bg-repeat='stretch' data-av_minimum_height_pc='20' data-av_min_height_opt='percent'><div class=\"av-section-color-overlay-wrap\"><div class=\"av-section-color-overlay\"><\/div><div class='container av-section-cont-open' ><main  role=\"main\" itemprop=\"mainContentOfPage\"  class='template-page content  av-content-full alpha units'><div class='post-entry post-entry-type-page post-entry-1518'><div class='entry-content-wrapper clearfix'>\n\n<\/div><\/div><\/main><!-- close content main element --><\/div><\/div><\/div><div id='after_section_1'  class='main_color av_default_container_wrap container_wrap fullsize'  ><div class='container av-section-cont-open' ><div class='template-page content  av-content-full alpha units'><div class='post-entry post-entry-type-page post-entry-1518'><div class='entry-content-wrapper clearfix'>\n<div  class='flex_column av-av_one_fifth-692a56cb27b4036f41891925b87c1c70 av_one_fifth  avia-builder-el-2  el_after_av_section  el_before_av_three_fifth  avia-builder-el-first  first flex_column_div  '     ><\/div>\n<div  class='flex_column av-av_three_fifth-c85e57f2a2701ca420e2f612cb2f1c6d av_three_fifth  avia-builder-el-3  el_after_av_one_fifth  el_before_av_one_full  flex_column_div av-animated-generic bottom-to-top  '     ><p>\n<style type=\"text\/css\" data-created_by=\"avia_inline_auto\" id=\"style-css-av-av_heading-f9d6581a5cf037d762e0d6e649e24951\">\n#top .av-special-heading.av-av_heading-f9d6581a5cf037d762e0d6e649e24951{\npadding-bottom:10px;\n}\nbody .av-special-heading.av-av_heading-f9d6581a5cf037d762e0d6e649e24951 .av-special-heading-tag .heading-char{\nfont-size:25px;\n}\n.av-special-heading.av-av_heading-f9d6581a5cf037d762e0d6e649e24951 .av-subheading{\nfont-size:15px;\n}\n<\/style>\n<div  class='av-special-heading av-av_heading-f9d6581a5cf037d762e0d6e649e24951 av-special-heading-h1 blockquote modern-quote modern-centered  avia-builder-el-4  el_before_av_textblock  avia-builder-el-first '><h1 class='av-special-heading-tag '  itemprop=\"headline\"  >Blog<\/h1><div class=\"special-heading-border\"><div class=\"special-heading-inner-border\"><\/div><\/div><\/div><br \/>\n<section  class='av_textblock_section av-mkl5djiq-9dd4b53e94c5f019b8e47ff23541e810 '   itemscope=\"itemscope\" itemtype=\"https:\/\/schema.org\/CreativeWork\" ><div class='avia_textblock'  itemprop=\"text\" ><p style=\"text-align: center;\">La imatge \u00e9s una manera d\u2019explicar hist\u00f2ries. En aquest blog compartim la nostra mirada com a fot\u00f2grafs i creadors audiovisuals, parlant de fotografia, v\u00eddeo i impressi\u00f3 professional, amb idees, projectes i inspiraci\u00f3 per donar vida a cada imatge.<\/p>\n<\/div><\/section><br \/>\n\n<style type=\"text\/css\" data-created_by=\"avia_inline_auto\" id=\"style-css-av-av_hr-3a876428eececa9d35452247ddb053af\">\n#top .hr.hr-invisible.av-av_hr-3a876428eececa9d35452247ddb053af{\nheight:50px;\n}\n<\/style>\n<div  class='hr av-av_hr-3a876428eececa9d35452247ddb053af hr-invisible  avia-builder-el-6  el_after_av_textblock  avia-builder-el-last '><span class='hr-inner '><span class=\"hr-inner-style\"><\/span><\/span><\/div><\/p><\/div><div  class='flex_column av-av_one_full-4453fbc7e8da734fe9d5824da1c72891 av_one_full  avia-builder-el-7  el_after_av_three_fifth  avia-builder-el-last  first flex_column_div  '     ><div id='av-masonry-1' class='av-masonry av-av_masonry_entries-d4454c73de6ea88d2aa900a9e7809ccf noHover av-fixed-size av-large-gap av-hover-overlay-active av-masonry-animation-active av-masonry-col-4 av-caption-on-hover av-caption-style-overlay av-masonry-entries ' data-post_id=\"1518\"><div class=\"av-masonry-container isotope av-js-disabled\"><div class='av-masonry-entry isotope-item av-masonry-item-no-image all_sort articles-2_sort '><\/div><a href=\"https:\/\/clicksfotoivideo.com\/ca\/per-que-escollir-clicks-pel-teu-casament\/\"  id='av-masonry-1-item-1441' data-av-masonry-item='1441' class='av-masonry-entry isotope-item post-1441 post type-post status-publish format-standard has-post-thumbnail hentry category-articles-2 all_sort articles-2_sort  av-masonry-item-with-image' title=\"Article8\"   itemscope=\"itemscope\" itemtype=\"https:\/\/schema.org\/CreativeWork\" ><div class='av-inner-masonry-sizer'><\/div><figure class='av-inner-masonry main_color'><div class=\"av-masonry-outerimage-container\"><div class='av-masonry-image-container' style=\"background-image: url(https:\/\/clicksfotoivideo.com\/wp-content\/uploads\/2025\/02\/Article8-705x470.jpg);\"  title=\"Article8\" ><\/div><\/div><figcaption class='av-inner-masonry-content site-background'><div class='av-inner-masonry-content-pos'><div class='av-inner-masonry-content-pos-content'><div class='avia-arrow'><\/div><h3 class='av-masonry-entry-title entry-title '  itemprop=\"headline\" >Per qu\u00e8 escollir Click&#8217;s pel teu casament<\/h3><span class='av-masonry-date meta-color updated'>15 d'abril de 2025<\/span><span class=\"av-masonry-text-sep text-sep-author\">\/<\/span><span class='av-masonry-author meta-color author'><span class='fn'>de Ergates Tecnologia SL<\/span><\/span><\/div><\/div><\/figcaption><\/figure><\/a><!--end av-masonry entry--><a href=\"https:\/\/clicksfotoivideo.com\/ca\/el-dia-del-meu-casament-plorare\/\"  id='av-masonry-1-item-1438' data-av-masonry-item='1438' class='av-masonry-entry isotope-item post-1438 post type-post status-publish format-standard has-post-thumbnail hentry category-articles-2 all_sort articles-2_sort  av-masonry-item-with-image' title=\"Article7\"   itemscope=\"itemscope\" itemtype=\"https:\/\/schema.org\/CreativeWork\" ><div class='av-inner-masonry-sizer'><\/div><figure class='av-inner-masonry main_color'><div class=\"av-masonry-outerimage-container\"><div class='av-masonry-image-container' style=\"background-image: url(https:\/\/clicksfotoivideo.com\/wp-content\/uploads\/2025\/02\/Article7-470x705.jpg);\"  title=\"Article7\" ><\/div><\/div><figcaption class='av-inner-masonry-content site-background'><div class='av-inner-masonry-content-pos'><div class='av-inner-masonry-content-pos-content'><div class='avia-arrow'><\/div><h3 class='av-masonry-entry-title entry-title '  itemprop=\"headline\" >El dia del meu casament plorar\u00e9?<\/h3><span class='av-masonry-date meta-color updated'>30 de mar\u00e7 de 2025<\/span><span class=\"av-masonry-text-sep text-sep-author\">\/<\/span><span class='av-masonry-author meta-color author'><span class='fn'>de Ergates Tecnologia SL<\/span><\/span><\/div><\/div><\/figcaption><\/figure><\/a><!--end av-masonry entry--><a href=\"https:\/\/clicksfotoivideo.com\/ca\/petits-consells-pel-dia-del-casament\/\"  id='av-masonry-1-item-1425' data-av-masonry-item='1425' class='av-masonry-entry isotope-item post-1425 post type-post status-publish format-standard has-post-thumbnail hentry category-articles-2 all_sort articles-2_sort  av-masonry-item-with-image' title=\"Article6 (1)\"   itemscope=\"itemscope\" itemtype=\"https:\/\/schema.org\/CreativeWork\" ><div class='av-inner-masonry-sizer'><\/div><figure class='av-inner-masonry main_color'><div class=\"av-masonry-outerimage-container\"><div class='av-masonry-image-container' style=\"background-image: url(https:\/\/clicksfotoivideo.com\/wp-content\/uploads\/2025\/02\/Article6-1-705x470.jpg);\"  title=\"Article6 (1)\" ><\/div><\/div><figcaption class='av-inner-masonry-content site-background'><div class='av-inner-masonry-content-pos'><div class='av-inner-masonry-content-pos-content'><div class='avia-arrow'><\/div><h3 class='av-masonry-entry-title entry-title '  itemprop=\"headline\" >Petits consells pel dia del casament<\/h3><span class='av-masonry-date meta-color updated'>15 de mar\u00e7 de 2025<\/span><span class=\"av-masonry-text-sep text-sep-author\">\/<\/span><span class='av-masonry-author meta-color author'><span class='fn'>de Ergates Tecnologia SL<\/span><\/span><\/div><\/div><\/figcaption><\/figure><\/a><!--end av-masonry entry--><a href=\"https:\/\/clicksfotoivideo.com\/ca\/per-que-la-fotografia-corporativa-es-essencial-per-a-la-imatge-del-teu-negoci\/\"  id='av-masonry-1-item-1421' data-av-masonry-item='1421' class='av-masonry-entry isotope-item post-1421 post type-post status-publish format-standard has-post-thumbnail hentry category-articles-2 all_sort articles-2_sort  av-masonry-item-with-image' title=\"Article5 (7)\"   itemscope=\"itemscope\" itemtype=\"https:\/\/schema.org\/CreativeWork\" ><div class='av-inner-masonry-sizer'><\/div><figure class='av-inner-masonry main_color'><div class=\"av-masonry-outerimage-container\"><div class='av-masonry-image-container' style=\"background-image: url(https:\/\/clicksfotoivideo.com\/wp-content\/uploads\/2025\/02\/Article5-7-705x531.jpg);\"  title=\"Article5 (7)\" ><\/div><\/div><figcaption class='av-inner-masonry-content site-background'><div class='av-inner-masonry-content-pos'><div class='av-inner-masonry-content-pos-content'><div class='avia-arrow'><\/div><h3 class='av-masonry-entry-title entry-title '  itemprop=\"headline\" >Per qu\u00e8 la fotografia corporativa \u00e9s essencial per a la imatge del teu negoci<\/h3><span class='av-masonry-date meta-color updated'>1 de mar\u00e7 de 2025<\/span><span class=\"av-masonry-text-sep text-sep-author\">\/<\/span><span class='av-masonry-author meta-color author'><span class='fn'>de Ergates Tecnologia SL<\/span><\/span><\/div><\/div><\/figcaption><\/figure><\/a><!--end av-masonry entry--><a href=\"https:\/\/clicksfotoivideo.com\/ca\/10-consells-per-tenir-una-sessio-de-fotos-familiar-perfecta\/\"  id='av-masonry-1-item-1405' data-av-masonry-item='1405' class='av-masonry-entry isotope-item post-1405 post type-post status-publish format-standard has-post-thumbnail hentry category-articles-2 all_sort articles-2_sort  av-masonry-item-with-image' title=\"Article2\"   itemscope=\"itemscope\" itemtype=\"https:\/\/schema.org\/CreativeWork\" ><div class='av-inner-masonry-sizer'><\/div><figure class='av-inner-masonry main_color'><div class=\"av-masonry-outerimage-container\"><div class='av-masonry-image-container' style=\"background-image: url(https:\/\/clicksfotoivideo.com\/wp-content\/uploads\/2025\/02\/Article2-705x397.jpg);\"  title=\"Article2\" ><\/div><\/div><figcaption class='av-inner-masonry-content site-background'><div class='av-inner-masonry-content-pos'><div class='av-inner-masonry-content-pos-content'><div class='avia-arrow'><\/div><h3 class='av-masonry-entry-title entry-title '  itemprop=\"headline\" >10 consells per tenir una sessi\u00f3 de fotos familiar perfecta<\/h3><span class='av-masonry-date meta-color updated'>15 de febrer de 2025<\/span><span class=\"av-masonry-text-sep text-sep-author\">\/<\/span><span class='av-masonry-author meta-color author'><span class='fn'>de Ergates Tecnologia SL<\/span><\/span><\/div><\/div><\/figcaption><\/figure><\/a><!--end av-masonry entry--><a href=\"https:\/\/clicksfotoivideo.com\/ca\/els-millors-llocs-per-fer-fotos-de-bodes-al-bergueda\/\"  id='av-masonry-1-item-1400' data-av-masonry-item='1400' class='av-masonry-entry isotope-item post-1400 post type-post status-publish format-standard has-post-thumbnail hentry category-articles-2 all_sort articles-2_sort  av-masonry-item-with-image' title=\"Article3 (1)\"   itemscope=\"itemscope\" itemtype=\"https:\/\/schema.org\/CreativeWork\" ><div class='av-inner-masonry-sizer'><\/div><figure class='av-inner-masonry main_color'><div class=\"av-masonry-outerimage-container\"><div class='av-masonry-image-container' style=\"background-image: url(https:\/\/clicksfotoivideo.com\/wp-content\/uploads\/2025\/02\/Article3-1-705x444.jpg);\"  title=\"Article3 (1)\" ><\/div><\/div><figcaption class='av-inner-masonry-content site-background'><div class='av-inner-masonry-content-pos'><div class='av-inner-masonry-content-pos-content'><div class='avia-arrow'><\/div><h3 class='av-masonry-entry-title entry-title '  itemprop=\"headline\" >Els millors llocs per fer fotos de bodes al Bergued\u00e0<\/h3><span class='av-masonry-date meta-color updated'>5 de febrer de 2025<\/span><span class=\"av-masonry-text-sep text-sep-author\">\/<\/span><span class='av-masonry-author meta-color author'><span class='fn'>de Ergates Tecnologia SL<\/span><\/span><\/div><\/div><\/figcaption><\/figure><\/a><!--end av-masonry entry--><a href=\"https:\/\/clicksfotoivideo.com\/ca\/tendencies-en-fotografia-i-video-de-bodes-per-al-2025\/\"  id='av-masonry-1-item-1387' data-av-masonry-item='1387' class='av-masonry-entry isotope-item post-1387 post type-post status-publish format-standard has-post-thumbnail hentry category-articles-2 all_sort articles-2_sort  av-masonry-item-with-image' title=\"Article2\"   itemscope=\"itemscope\" itemtype=\"https:\/\/schema.org\/CreativeWork\" ><div class='av-inner-masonry-sizer'><\/div><figure class='av-inner-masonry main_color'><div class=\"av-masonry-outerimage-container\"><div class='av-masonry-image-container' style=\"background-image: url(https:\/\/clicksfotoivideo.com\/wp-content\/uploads\/2025\/02\/Article2-705x397.jpg);\"  title=\"Article2\" ><\/div><\/div><figcaption class='av-inner-masonry-content site-background'><div class='av-inner-masonry-content-pos'><div class='av-inner-masonry-content-pos-content'><div class='avia-arrow'><\/div><h3 class='av-masonry-entry-title entry-title '  itemprop=\"headline\" >Tend\u00e8ncies en fotografia i v\u00eddeo de bodes per al 2025<\/h3><span class='av-masonry-date meta-color updated'>5 de febrer de 2025<\/span><span class=\"av-masonry-text-sep text-sep-author\">\/<\/span><span class='av-masonry-author meta-color author'><span class='fn'>de Ergates Tecnologia SL<\/span><\/span><\/div><\/div><\/figcaption><\/figure><\/a><!--end av-masonry entry--><a href=\"https:\/\/clicksfotoivideo.com\/ca\/consells-per-a-la-vostra-sessio-preboda-amb-clicks\/\"  id='av-masonry-1-item-1373' data-av-masonry-item='1373' class='av-masonry-entry isotope-item post-1373 post type-post status-publish format-standard has-post-thumbnail hentry category-articles-2 all_sort articles-2_sort  av-masonry-item-with-image' title=\"Consells per a la vostra sessi\u00f3 preboda amb Click&#8217;s\"   itemscope=\"itemscope\" itemtype=\"https:\/\/schema.org\/CreativeWork\" ><div class='av-inner-masonry-sizer'><\/div><figure class='av-inner-masonry main_color'><div class=\"av-masonry-outerimage-container\"><div class='av-masonry-image-container' style=\"background-image: url(https:\/\/clicksfotoivideo.com\/wp-content\/uploads\/2025\/02\/Article1-1-705x470.jpg);\"  title=\"Consells per a la vostra sessi\u00f3 preboda amb Click&#8217;s\" ><\/div><\/div><figcaption class='av-inner-masonry-content site-background'><div class='av-inner-masonry-content-pos'><div class='av-inner-masonry-content-pos-content'><div class='avia-arrow'><\/div><h3 class='av-masonry-entry-title entry-title '  itemprop=\"headline\" >Consells per a la vostra sessi\u00f3 preboda amb Click&#8217;s<\/h3><span class='av-masonry-date meta-color updated'>5 de febrer de 2025<\/span><span class=\"av-masonry-text-sep text-sep-author\">\/<\/span><span class='av-masonry-author meta-color author'><span class='fn'>de Ergates Tecnologia SL<\/span><\/span><\/div><\/div><\/figcaption><\/figure><\/a><!--end av-masonry entry--><\/div><\/div><\/div><\/p>\n","protected":false},"excerpt":{"rendered":"","protected":false},"author":3,"featured_media":0,"parent":0,"menu_order":0,"comment_status":"closed","ping_status":"closed","template":"","meta":{"footnotes":""},"class_list":["post-1518","page","type-page","status-publish","hentry"],"yoast_head":"<!-- This site is optimized with the Yoast SEO plugin v27.5 - https:\/\/yoast.com\/product\/yoast-seo-wordpress\/ -->\n<title>Coneix el nostre equip de fot\u00f2grafs i vide\u00f2grafs<\/title>\n<meta name=\"description\" content=\"Coneix el nostre talent\u00f3s equip i la passi\u00f3 que posem en cada projecte.\" \/>\n<meta name=\"robots\" content=\"index, follow, max-snippet:-1, max-image-preview:large, max-video-preview:-1\" \/>\n<link rel=\"canonical\" href=\"https:\/\/clicksfotoivideo.com\/ca\/blog\/\" \/>\n<meta property=\"og:locale\" content=\"ca_ES\" \/>\n<meta property=\"og:type\" content=\"article\" \/>\n<meta property=\"og:title\" content=\"Coneix el nostre equip de fot\u00f2grafs i vide\u00f2grafs\" \/>\n<meta property=\"og:description\" content=\"Coneix el nostre talent\u00f3s equip i la passi\u00f3 que posem en cada projecte.\" \/>\n<meta property=\"og:url\" content=\"https:\/\/clicksfotoivideo.com\/ca\/blog\/\" \/>\n<meta property=\"og:site_name\" content=\"Clicks Foto y V\u00eddeo\" \/>\n<meta name=\"twitter:card\" content=\"summary_large_image\" \/>\n<meta name=\"twitter:label1\" content=\"Temps estimat de lectura\" \/>\n\t<meta name=\"twitter:data1\" content=\"1 minut\" \/>\n<script type=\"application\/ld+json\" class=\"yoast-schema-graph\">{\"@context\":\"https:\\\/\\\/schema.org\",\"@graph\":[{\"@type\":\"WebPage\",\"@id\":\"https:\\\/\\\/clicksfotoivideo.com\\\/ca\\\/blog\\\/\",\"url\":\"https:\\\/\\\/clicksfotoivideo.com\\\/ca\\\/blog\\\/\",\"name\":\"Coneix el nostre equip de fot\u00f2grafs i vide\u00f2grafs\",\"isPartOf\":{\"@id\":\"https:\\\/\\\/clicksfotoivideo.com\\\/ca\\\/#website\"},\"datePublished\":\"2026-01-19T12:34:40+00:00\",\"description\":\"Coneix el nostre talent\u00f3s equip i la passi\u00f3 que posem en cada projecte.\",\"breadcrumb\":{\"@id\":\"https:\\\/\\\/clicksfotoivideo.com\\\/ca\\\/blog\\\/#breadcrumb\"},\"inLanguage\":\"ca\",\"potentialAction\":[{\"@type\":\"ReadAction\",\"target\":[\"https:\\\/\\\/clicksfotoivideo.com\\\/ca\\\/blog\\\/\"]}]},{\"@type\":\"BreadcrumbList\",\"@id\":\"https:\\\/\\\/clicksfotoivideo.com\\\/ca\\\/blog\\\/#breadcrumb\",\"itemListElement\":[{\"@type\":\"ListItem\",\"position\":1,\"name\":\"Inici\",\"item\":\"https:\\\/\\\/clicksfotoivideo.com\\\/ca\\\/inici\\\/\"},{\"@type\":\"ListItem\",\"position\":2,\"name\":\"Blog\"}]},{\"@type\":\"WebSite\",\"@id\":\"https:\\\/\\\/clicksfotoivideo.com\\\/ca\\\/#website\",\"url\":\"https:\\\/\\\/clicksfotoivideo.com\\\/ca\\\/\",\"name\":\"Clicks Foto y V\u00eddeo\",\"description\":\"Tu boda perfecta con fot\u00f3grafos profesionales\",\"potentialAction\":[{\"@type\":\"SearchAction\",\"target\":{\"@type\":\"EntryPoint\",\"urlTemplate\":\"https:\\\/\\\/clicksfotoivideo.com\\\/ca\\\/?s={search_term_string}\"},\"query-input\":{\"@type\":\"PropertyValueSpecification\",\"valueRequired\":true,\"valueName\":\"search_term_string\"}}],\"inLanguage\":\"ca\"}]}<\/script>\n<!-- \/ Yoast SEO plugin. -->","yoast_head_json":{"title":"Coneix el nostre equip de fot\u00f2grafs i vide\u00f2grafs","description":"Coneix el nostre talent\u00f3s equip i la passi\u00f3 que posem en cada projecte.","robots":{"index":"index","follow":"follow","max-snippet":"max-snippet:-1","max-image-preview":"max-image-preview:large","max-video-preview":"max-video-preview:-1"},"canonical":"https:\/\/clicksfotoivideo.com\/ca\/blog\/","og_locale":"ca_ES","og_type":"article","og_title":"Coneix el nostre equip de fot\u00f2grafs i vide\u00f2grafs","og_description":"Coneix el nostre talent\u00f3s equip i la passi\u00f3 que posem en cada projecte.","og_url":"https:\/\/clicksfotoivideo.com\/ca\/blog\/","og_site_name":"Clicks Foto y V\u00eddeo","twitter_card":"summary_large_image","twitter_misc":{"Temps estimat de lectura":"1 minut"},"schema":{"@context":"https:\/\/schema.org","@graph":[{"@type":"WebPage","@id":"https:\/\/clicksfotoivideo.com\/ca\/blog\/","url":"https:\/\/clicksfotoivideo.com\/ca\/blog\/","name":"Coneix el nostre equip de fot\u00f2grafs i vide\u00f2grafs","isPartOf":{"@id":"https:\/\/clicksfotoivideo.com\/ca\/#website"},"datePublished":"2026-01-19T12:34:40+00:00","description":"Coneix el nostre talent\u00f3s equip i la passi\u00f3 que posem en cada projecte.","breadcrumb":{"@id":"https:\/\/clicksfotoivideo.com\/ca\/blog\/#breadcrumb"},"inLanguage":"ca","potentialAction":[{"@type":"ReadAction","target":["https:\/\/clicksfotoivideo.com\/ca\/blog\/"]}]},{"@type":"BreadcrumbList","@id":"https:\/\/clicksfotoivideo.com\/ca\/blog\/#breadcrumb","itemListElement":[{"@type":"ListItem","position":1,"name":"Inici","item":"https:\/\/clicksfotoivideo.com\/ca\/inici\/"},{"@type":"ListItem","position":2,"name":"Blog"}]},{"@type":"WebSite","@id":"https:\/\/clicksfotoivideo.com\/ca\/#website","url":"https:\/\/clicksfotoivideo.com\/ca\/","name":"Clicks Foto y V\u00eddeo","description":"Tu boda perfecta con fot\u00f3grafos profesionales","potentialAction":[{"@type":"SearchAction","target":{"@type":"EntryPoint","urlTemplate":"https:\/\/clicksfotoivideo.com\/ca\/?s={search_term_string}"},"query-input":{"@type":"PropertyValueSpecification","valueRequired":true,"valueName":"search_term_string"}}],"inLanguage":"ca"}]}},"_links":{"self":[{"href":"https:\/\/clicksfotoivideo.com\/ca\/wp-json\/wp\/v2\/pages\/1518","targetHints":{"allow":["GET"]}}],"collection":[{"href":"https:\/\/clicksfotoivideo.com\/ca\/wp-json\/wp\/v2\/pages"}],"about":[{"href":"https:\/\/clicksfotoivideo.com\/ca\/wp-json\/wp\/v2\/types\/page"}],"author":[{"embeddable":true,"href":"https:\/\/clicksfotoivideo.com\/ca\/wp-json\/wp\/v2\/users\/3"}],"replies":[{"embeddable":true,"href":"https:\/\/clicksfotoivideo.com\/ca\/wp-json\/wp\/v2\/comments?post=1518"}],"version-history":[{"count":2,"href":"https:\/\/clicksfotoivideo.com\/ca\/wp-json\/wp\/v2\/pages\/1518\/revisions"}],"predecessor-version":[{"id":1525,"href":"https:\/\/clicksfotoivideo.com\/ca\/wp-json\/wp\/v2\/pages\/1518\/revisions\/1525"}],"wp:attachment":[{"href":"https:\/\/clicksfotoivideo.com\/ca\/wp-json\/wp\/v2\/media?parent=1518"}],"curies":[{"name":"wp","href":"https:\/\/api.w.org\/{rel}","templated":true}]}}