{"id":678,"date":"2023-11-22T09:45:59","date_gmt":"2023-11-22T08:45:59","guid":{"rendered":"https:\/\/clicksfotoivideo.com\/contacte\/"},"modified":"2024-08-27T12:57:43","modified_gmt":"2024-08-27T10:57:43","slug":"contacte","status":"publish","type":"page","link":"https:\/\/clicksfotoivideo.com\/ca\/contacte\/","title":{"rendered":"Contacte"},"content":{"rendered":"\n<style type=\"text\/css\" data-created_by=\"avia_inline_auto\" id=\"style-css-av-3c50c-1bf46e968ad338585cfbdd81e1ecba3c\">\n.avia-section.av-3c50c-1bf46e968ad338585cfbdd81e1ecba3c{\nbackground-repeat:no-repeat;\nbackground-image:url(https:\/\/clicksfotoivideo.com\/wp-content\/uploads\/2023\/10\/clicks-foto-i-video-portfolio-02-1500x430.jpg);\nbackground-position:50% 0%;\nbackground-attachment:scroll;\n}\n.avia-section.av-3c50c-1bf46e968ad338585cfbdd81e1ecba3c .av-section-color-overlay{\nopacity:0.9;\nbackground-color:#0a0a0a;\n}\n<\/style>\n<div id='av_section_1'  class='avia-section av-3c50c-1bf46e968ad338585cfbdd81e1ecba3c main_color avia-section-default avia-no-border-styling  avia-builder-el-0  el_before_av_one_full  avia-builder-el-first  avia-full-stretch avia-bg-style-scroll av-section-color-overlay-active av-minimum-height av-minimum-height-20 av-height-percent  container_wrap fullsize'  data-section-bg-repeat='stretch' data-av_minimum_height_pc='20' data-av_min_height_opt='percent'><div class=\"av-section-color-overlay-wrap\"><div class=\"av-section-color-overlay\"><\/div><div class='container av-section-cont-open' ><main  role=\"main\" itemprop=\"mainContentOfPage\"  class='template-page content  av-content-full alpha units'><div class='post-entry post-entry-type-page post-entry-678'><div class='entry-content-wrapper clearfix'>\n\n<\/div><\/div><\/main><!-- close content main element --><\/div><\/div><\/div><div id='after_section_1'  class='main_color av_default_container_wrap container_wrap fullsize'  ><div class='container av-section-cont-open' ><div class='template-page content  av-content-full alpha units'><div class='post-entry post-entry-type-page post-entry-678'><div class='entry-content-wrapper clearfix'>\n<div  class='flex_column av-av_one_full-242d2b6d7f6c32d145137c208905e734 av_one_full  avia-builder-el-2  el_after_av_section  el_before_av_one_half  avia-builder-el-first  first flex_column_div av-animated-generic bottom-to-top  '     ><p>\n<style type=\"text\/css\" data-created_by=\"avia_inline_auto\" id=\"style-css-av-av_heading-6376cfee2303f25a76209680cb7e7c0a\">\n#top .av-special-heading.av-av_heading-6376cfee2303f25a76209680cb7e7c0a{\npadding-bottom:10px;\n}\nbody .av-special-heading.av-av_heading-6376cfee2303f25a76209680cb7e7c0a .av-special-heading-tag .heading-char{\nfont-size:25px;\n}\n.av-special-heading.av-av_heading-6376cfee2303f25a76209680cb7e7c0a .av-subheading{\nfont-size:15px;\n}\n<\/style>\n<div  class='av-special-heading av-av_heading-6376cfee2303f25a76209680cb7e7c0a av-special-heading-h1 blockquote modern-quote modern-centered  avia-builder-el-3  el_before_av_textblock  avia-builder-el-first '><h1 class='av-special-heading-tag '  itemprop=\"headline\"  >Comencem un viatge junts&#8230;<\/h1><div class=\"special-heading-border\"><div class=\"special-heading-inner-border\"><\/div><\/div><\/div><br \/>\n<section  class='av_textblock_section av-av_textblock-263a286a3ec605a4b845ded44ee74c94 '   itemscope=\"itemscope\" itemtype=\"https:\/\/schema.org\/CreativeWork\" ><div class='avia_textblock'  itemprop=\"text\" ><p style=\"text-align: center;\">Expliqueu-nos els vostres somnis.<br \/>\nVolem ajudar-vos a crear records especials per recordar.<\/p>\n<\/div><\/section><\/p><\/div>\n\n<style type=\"text\/css\" data-created_by=\"avia_inline_auto\" id=\"style-css-av-6hslk-48d494118cab5edcf56578ebfd29e879\">\n.flex_column.av-6hslk-48d494118cab5edcf56578ebfd29e879{\nborder-radius:0px 0px 0px 0px;\npadding:0px 0px 0px 0px;\n}\n<\/style>\n<div  class='flex_column av-6hslk-48d494118cab5edcf56578ebfd29e879 av_one_half  avia-builder-el-5  el_after_av_one_full  el_before_av_one_half  first flex_column_div av-zero-column-padding  column-top-margin'     ><form action=\"https:\/\/clicksfotoivideo.com\/ca\/contacte\/\" method=\"post\" data-fields-with-error=\"Found errors in the following field(s):\" class=\"avia_ajax_form av-form-labels-hidden   avia-builder-el-6  avia-builder-el-no-sibling   \" data-avia-form-id=\"1\" data-avia-redirect='' ><fieldset><p class='  first_form  form_element form_fullwidth' id='element_avia_1_1'><label for=\"avia_1_1\">Nom <abbr class=\"required\" title=\"obligatori\">*<\/abbr><\/label> <input name=\"avia_1_1\" class=\"text_input is_empty\" type=\"text\" id=\"avia_1_1\" value=\"\"  placeholder='Nom*'\/><\/p><p class='  first_form  form_element form_fullwidth' id='element_avia_2_1'><label for=\"avia_2_1\">E-Mail <abbr class=\"required\" title=\"obligatori\">*<\/abbr><\/label> <input name=\"avia_2_1\" class=\"text_input is_email\" type=\"text\" id=\"avia_2_1\" value=\"\"  placeholder='E-Mail*'\/><\/p><p class='  first_form  form_element form_fullwidth' id='element_avia_3_1'><label for=\"avia_3_1\">Tel\u00e8fon<\/label> <input name=\"avia_3_1\" class=\"text_input \" type=\"text\" id=\"avia_3_1\" value=\"\"  placeholder='Tel\u00e8fon'\/><\/p><p class='  first_form  form_element form_fullwidth' id='element_avia_4_1'><label for=\"avia_4_1\" class=\"textare_label hidden textare_label_avia_4_1\">Missatge <abbr class=\"required\" title=\"obligatori\">*<\/abbr><\/label><textarea  placeholder='Missatge*' name=\"avia_4_1\" class=\"text_area is_empty\" cols=\"40\" rows=\"7\" id=\"avia_4_1\" ><\/textarea><\/p><p class=\"hidden\"><input type=\"text\" name=\"avia_5_1\" class=\"hidden \" id=\"avia_5_1\" value=\"\" \/><\/p><div id='avia_6_1' class='av-recaptcha-area  first_form  form_element form_fullwidth av-last-visible-form-element '  data-container_class=\"\" data-custom_class=\"\" data-context=\"av_contact_form\" data-token_input=\"av_recaptcha_token\" data-version=\"avia_recaptcha_v3\" data-theme=\"light\" data-size=\"normal\" data-score=\"0.5\" data-text_to_preview=\"\" data-value=\"\"><div class=\"av-google-badge-message hidden\">Aquest lloc est\u00e0 protegit per reCAPTCHA i la <a href=\"https:\/\/policies.google.com\/privacy\"> Pol\u00edtica de privadesa <\/a> de Google i <a href=\"https:\/\/policies.google.com\/terms\"> Condicions del servei <\/a> aplicables.<\/div><\/div><p class=' av_form_privacy_check av_contact_privacy_check first_form  form_element form_fullwidth' id='element_avia_7_1'><input  name=\"avia_7_1\" class=\"input_checkbox is_empty\" type=\"checkbox\" id=\"avia_7_1\" value=\"true\"\/><label class=\"input_checkbox_label\" for=\"avia_7_1\">Accepto els termes i condicions establerts a la <a href='https:\/\/clicksfotoivideo.com\/ca\/politica-privacitat\/' target='_blank'>Pol\u00edtica de privacitat<\/a> <abbr class=\"required\" title=\"obligatori\">*<\/abbr><\/label><\/p><p class=\"form_element \"><input type=\"hidden\" value=\"1\" name=\"avia_generated_form1\" \/><input type=\"submit\" value=\"Enviar\" class=\"button\"  data-sending-label=\"Enviant\"\/><\/p><\/fieldset><div class=\"avia-disabled-form\">Aquest formulari de contacte est\u00e0 desactivat perqu\u00e8 es negava a acceptar el servei de reCaptcha de Google que \u00e9s necessari per validar qualsevol missatge enviat pel formulari.<\/div><\/form><div id=\"ajaxresponse_1\" class=\"ajaxresponse ajaxresponse_1 hidden\"><\/div><\/div>\n\n<style type=\"text\/css\" data-created_by=\"avia_inline_auto\" id=\"style-css-av-2yz0g-13cf110feaf63cf72b090a3297697622\">\n.flex_column.av-2yz0g-13cf110feaf63cf72b090a3297697622{\nborder-radius:0px 0px 0px 0px;\npadding:0px 0px 0px 0px;\n}\n<\/style>\n<div  class='flex_column av-2yz0g-13cf110feaf63cf72b090a3297697622 av_one_half  avia-builder-el-7  el_after_av_one_half  avia-builder-el-last  flex_column_div av-zero-column-padding  column-top-margin'     ><p><section  class='av_textblock_section av-29kqk-e8041a66147cb0f84c82f59389ae7be0 '   itemscope=\"itemscope\" itemtype=\"https:\/\/schema.org\/CreativeWork\" ><div class='avia_textblock'  itemprop=\"text\" ><p><strong>Contacte<\/strong><\/p>\n\n<style type=\"text\/css\" data-created_by=\"avia_inline_auto\" id=\"style-css-av-kr1nh-d71d069f0dfde63ca53af0221cf30556\">\n.av_font_icon.av-kr1nh-d71d069f0dfde63ca53af0221cf30556 .av-icon-char{\nfont-size:20px;\nline-height:20px;\n}\n<\/style>\n<span  class='av_font_icon av-kr1nh-d71d069f0dfde63ca53af0221cf30556 avia_animate_when_visible av-icon-style- avia-icon-pos-left avia-iconfont avia-font-entypo-fontello av-no-color avia-icon-animate'><span class='av-icon-char' data-av_icon='\ue842' data-av_iconfont='entypo-fontello' aria-hidden=\"true\" ><\/span><\/span>\n<p><span style=\"font-weight: 400;\">Bergued\u00e0<\/span><\/p>\n\n<style type=\"text\/css\" data-created_by=\"avia_inline_auto\" id=\"style-css-av-kr1nh-2-701a121515d18f0bd1ddf328b65c0ff2\">\n.av_font_icon.av-kr1nh-2-701a121515d18f0bd1ddf328b65c0ff2 .av-icon-char{\nfont-size:20px;\nline-height:20px;\n}\n<\/style>\n<span  class='av_font_icon av-kr1nh-2-701a121515d18f0bd1ddf328b65c0ff2 avia_animate_when_visible av-icon-style- avia-icon-pos-left avia-iconfont avia-font-entypo-fontello av-no-color avia-icon-animate'><span class='av-icon-char' data-av_icon='\uf232' data-av_iconfont='entypo-fontello' aria-hidden=\"true\" ><\/span><\/span>\n<p><a href=\"https:\/\/wa.me\/34649921994\">649 921 994<\/a><\/p>\n\n<style type=\"text\/css\" data-created_by=\"avia_inline_auto\" id=\"style-css-av-easjh-024757e543db5450a0a2aa90baa75620\">\n.av_font_icon.av-easjh-024757e543db5450a0a2aa90baa75620 .av-icon-char{\nfont-size:20px;\nline-height:20px;\n}\n<\/style>\n<span  class='av_font_icon av-easjh-024757e543db5450a0a2aa90baa75620 avia_animate_when_visible av-icon-style- avia-icon-pos-left avia-iconfont avia-font-entypo-fontello av-no-color avia-icon-animate'><span class='av-icon-char' data-av_icon='\ue805' data-av_iconfont='entypo-fontello' aria-hidden=\"true\" ><\/span><\/span>\n<p><a href=\"mailto:info@clicksfotoivideo.com\">info@clicksfotoivideo.com<\/a><\/p>\n<\/div><\/section><br \/>\n\n<style type=\"text\/css\" data-created_by=\"avia_inline_auto\" id=\"style-css-av-lnaa06w2-9390e434d4d21de5eda1f771f909154b\">\n.avia-image-container.av-lnaa06w2-9390e434d4d21de5eda1f771f909154b img.avia_image{\nbox-shadow:none;\n}\n.avia-image-container.av-lnaa06w2-9390e434d4d21de5eda1f771f909154b .av-image-caption-overlay-center{\ncolor:#ffffff;\n}\n<\/style>\n<div  class='avia-image-container av-lnaa06w2-9390e434d4d21de5eda1f771f909154b av-styling- avia-align-left  avia-builder-el-12  el_after_av_textblock  avia-builder-el-last '   itemprop=\"image\" itemscope=\"itemscope\" itemtype=\"https:\/\/schema.org\/ImageObject\" ><div class=\"avia-image-container-inner\"><div class=\"avia-image-overlay-wrap\"><img decoding=\"async\" fetchpriority=\"high\" class='wp-image-279 avia-img-lazy-loading-not-279 avia_image ' src=\"https:\/\/clicksfotoivideo.com\/wp-content\/uploads\/2023\/10\/LOGO-NEGRE-4-300x208.png\" alt='' title='LOGO NEGRE (4)'  height=\"208\" width=\"300\"  itemprop=\"thumbnailUrl\" srcset=\"https:\/\/clicksfotoivideo.com\/wp-content\/uploads\/2023\/10\/LOGO-NEGRE-4-300x208.png 300w, https:\/\/clicksfotoivideo.com\/wp-content\/uploads\/2023\/10\/LOGO-NEGRE-4-1030x713.png 1030w, https:\/\/clicksfotoivideo.com\/wp-content\/uploads\/2023\/10\/LOGO-NEGRE-4-768x532.png 768w, https:\/\/clicksfotoivideo.com\/wp-content\/uploads\/2023\/10\/LOGO-NEGRE-4-705x488.png 705w, https:\/\/clicksfotoivideo.com\/wp-content\/uploads\/2023\/10\/LOGO-NEGRE-4.png 1033w\" sizes=\"(max-width: 300px) 100vw, 300px\" \/><\/div><\/div><\/div><\/p><\/div>\n","protected":false},"excerpt":{"rendered":"","protected":false},"author":3,"featured_media":0,"parent":0,"menu_order":0,"comment_status":"closed","ping_status":"closed","template":"","meta":{"footnotes":""},"class_list":["post-678","page","type-page","status-publish","hentry"],"yoast_head":"<!-- This site is optimized with the Yoast SEO plugin v27.5 - https:\/\/yoast.com\/product\/yoast-seo-wordpress\/ -->\n<title>Contacta&#039;ns per als teus projectes de foto i v\u00eddeo<\/title>\n<meta name=\"description\" content=\"Contacta&#039;ns per obtenir m\u00e9s informaci\u00f3 sobre els nostres serveis de fotografia i v\u00eddeo.\" \/>\n<meta name=\"robots\" content=\"index, follow, max-snippet:-1, max-image-preview:large, max-video-preview:-1\" \/>\n<link rel=\"canonical\" href=\"https:\/\/clicksfotoivideo.com\/ca\/contacte\/\" \/>\n<meta property=\"og:locale\" content=\"ca_ES\" \/>\n<meta property=\"og:type\" content=\"article\" \/>\n<meta property=\"og:title\" content=\"Contacta&#039;ns per als teus projectes de foto i v\u00eddeo\" \/>\n<meta property=\"og:description\" content=\"Contacta&#039;ns per obtenir m\u00e9s informaci\u00f3 sobre els nostres serveis de fotografia i v\u00eddeo.\" \/>\n<meta property=\"og:url\" content=\"https:\/\/clicksfotoivideo.com\/ca\/contacte\/\" \/>\n<meta property=\"og:site_name\" content=\"Clicks Foto y V\u00eddeo\" \/>\n<meta property=\"article:modified_time\" content=\"2024-08-27T10:57:43+00:00\" \/>\n<meta name=\"twitter:card\" content=\"summary_large_image\" \/>\n<meta name=\"twitter:label1\" content=\"Temps estimat de lectura\" \/>\n\t<meta name=\"twitter:data1\" content=\"1 minut\" \/>\n<script type=\"application\/ld+json\" class=\"yoast-schema-graph\">{\"@context\":\"https:\\\/\\\/schema.org\",\"@graph\":[{\"@type\":\"WebPage\",\"@id\":\"https:\\\/\\\/clicksfotoivideo.com\\\/ca\\\/contacte\\\/\",\"url\":\"https:\\\/\\\/clicksfotoivideo.com\\\/ca\\\/contacte\\\/\",\"name\":\"Contacta'ns per als teus projectes de foto i v\u00eddeo\",\"isPartOf\":{\"@id\":\"https:\\\/\\\/clicksfotoivideo.com\\\/ca\\\/#website\"},\"datePublished\":\"2023-11-22T08:45:59+00:00\",\"dateModified\":\"2024-08-27T10:57:43+00:00\",\"description\":\"Contacta'ns per obtenir m\u00e9s informaci\u00f3 sobre els nostres serveis de fotografia i v\u00eddeo.\",\"breadcrumb\":{\"@id\":\"https:\\\/\\\/clicksfotoivideo.com\\\/ca\\\/contacte\\\/#breadcrumb\"},\"inLanguage\":\"ca\",\"potentialAction\":[{\"@type\":\"ReadAction\",\"target\":[\"https:\\\/\\\/clicksfotoivideo.com\\\/ca\\\/contacte\\\/\"]}]},{\"@type\":\"BreadcrumbList\",\"@id\":\"https:\\\/\\\/clicksfotoivideo.com\\\/ca\\\/contacte\\\/#breadcrumb\",\"itemListElement\":[{\"@type\":\"ListItem\",\"position\":1,\"name\":\"Inici\",\"item\":\"https:\\\/\\\/clicksfotoivideo.com\\\/ca\\\/inici\\\/\"},{\"@type\":\"ListItem\",\"position\":2,\"name\":\"Contacte\"}]},{\"@type\":\"WebSite\",\"@id\":\"https:\\\/\\\/clicksfotoivideo.com\\\/ca\\\/#website\",\"url\":\"https:\\\/\\\/clicksfotoivideo.com\\\/ca\\\/\",\"name\":\"Clicks Foto y V\u00eddeo\",\"description\":\"Tu boda perfecta con fot\u00f3grafos profesionales\",\"potentialAction\":[{\"@type\":\"SearchAction\",\"target\":{\"@type\":\"EntryPoint\",\"urlTemplate\":\"https:\\\/\\\/clicksfotoivideo.com\\\/ca\\\/?s={search_term_string}\"},\"query-input\":{\"@type\":\"PropertyValueSpecification\",\"valueRequired\":true,\"valueName\":\"search_term_string\"}}],\"inLanguage\":\"ca\"}]}<\/script>\n<!-- \/ Yoast SEO plugin. -->","yoast_head_json":{"title":"Contacta'ns per als teus projectes de foto i v\u00eddeo","description":"Contacta'ns per obtenir m\u00e9s informaci\u00f3 sobre els nostres serveis de fotografia i v\u00eddeo.","robots":{"index":"index","follow":"follow","max-snippet":"max-snippet:-1","max-image-preview":"max-image-preview:large","max-video-preview":"max-video-preview:-1"},"canonical":"https:\/\/clicksfotoivideo.com\/ca\/contacte\/","og_locale":"ca_ES","og_type":"article","og_title":"Contacta'ns per als teus projectes de foto i v\u00eddeo","og_description":"Contacta'ns per obtenir m\u00e9s informaci\u00f3 sobre els nostres serveis de fotografia i v\u00eddeo.","og_url":"https:\/\/clicksfotoivideo.com\/ca\/contacte\/","og_site_name":"Clicks Foto y V\u00eddeo","article_modified_time":"2024-08-27T10:57:43+00:00","twitter_card":"summary_large_image","twitter_misc":{"Temps estimat de lectura":"1 minut"},"schema":{"@context":"https:\/\/schema.org","@graph":[{"@type":"WebPage","@id":"https:\/\/clicksfotoivideo.com\/ca\/contacte\/","url":"https:\/\/clicksfotoivideo.com\/ca\/contacte\/","name":"Contacta'ns per als teus projectes de foto i v\u00eddeo","isPartOf":{"@id":"https:\/\/clicksfotoivideo.com\/ca\/#website"},"datePublished":"2023-11-22T08:45:59+00:00","dateModified":"2024-08-27T10:57:43+00:00","description":"Contacta'ns per obtenir m\u00e9s informaci\u00f3 sobre els nostres serveis de fotografia i v\u00eddeo.","breadcrumb":{"@id":"https:\/\/clicksfotoivideo.com\/ca\/contacte\/#breadcrumb"},"inLanguage":"ca","potentialAction":[{"@type":"ReadAction","target":["https:\/\/clicksfotoivideo.com\/ca\/contacte\/"]}]},{"@type":"BreadcrumbList","@id":"https:\/\/clicksfotoivideo.com\/ca\/contacte\/#breadcrumb","itemListElement":[{"@type":"ListItem","position":1,"name":"Inici","item":"https:\/\/clicksfotoivideo.com\/ca\/inici\/"},{"@type":"ListItem","position":2,"name":"Contacte"}]},{"@type":"WebSite","@id":"https:\/\/clicksfotoivideo.com\/ca\/#website","url":"https:\/\/clicksfotoivideo.com\/ca\/","name":"Clicks Foto y V\u00eddeo","description":"Tu boda perfecta con fot\u00f3grafos profesionales","potentialAction":[{"@type":"SearchAction","target":{"@type":"EntryPoint","urlTemplate":"https:\/\/clicksfotoivideo.com\/ca\/?s={search_term_string}"},"query-input":{"@type":"PropertyValueSpecification","valueRequired":true,"valueName":"search_term_string"}}],"inLanguage":"ca"}]}},"_links":{"self":[{"href":"https:\/\/clicksfotoivideo.com\/ca\/wp-json\/wp\/v2\/pages\/678","targetHints":{"allow":["GET"]}}],"collection":[{"href":"https:\/\/clicksfotoivideo.com\/ca\/wp-json\/wp\/v2\/pages"}],"about":[{"href":"https:\/\/clicksfotoivideo.com\/ca\/wp-json\/wp\/v2\/types\/page"}],"author":[{"embeddable":true,"href":"https:\/\/clicksfotoivideo.com\/ca\/wp-json\/wp\/v2\/users\/3"}],"replies":[{"embeddable":true,"href":"https:\/\/clicksfotoivideo.com\/ca\/wp-json\/wp\/v2\/comments?post=678"}],"version-history":[{"count":8,"href":"https:\/\/clicksfotoivideo.com\/ca\/wp-json\/wp\/v2\/pages\/678\/revisions"}],"predecessor-version":[{"id":1207,"href":"https:\/\/clicksfotoivideo.com\/ca\/wp-json\/wp\/v2\/pages\/678\/revisions\/1207"}],"wp:attachment":[{"href":"https:\/\/clicksfotoivideo.com\/ca\/wp-json\/wp\/v2\/media?parent=678"}],"curies":[{"name":"wp","href":"https:\/\/api.w.org\/{rel}","templated":true}]}}