{"id":680,"date":"2023-11-22T09:46:53","date_gmt":"2023-11-22T08:46:53","guid":{"rendered":"https:\/\/clicksfotoivideo.com\/empresa\/"},"modified":"2026-03-10T13:18:22","modified_gmt":"2026-03-10T12:18:22","slug":"empresa","status":"publish","type":"page","link":"https:\/\/clicksfotoivideo.com\/ca\/empresa\/","title":{"rendered":"Empresa"},"content":{"rendered":"\n<style type=\"text\/css\" data-created_by=\"avia_inline_auto\" id=\"style-css-av-3skdq0-58f1e4582b32ae18eea3de9502407667\">\n.avia-section.av-3skdq0-58f1e4582b32ae18eea3de9502407667{\nbackground-repeat:no-repeat;\nbackground-image:url(https:\/\/clicksfotoivideo.com\/wp-content\/uploads\/2023\/10\/clicks-foto-i-video-portfolio-02-1500x430.jpg);\nbackground-position:50% 0%;\nbackground-attachment:scroll;\n}\n.avia-section.av-3skdq0-58f1e4582b32ae18eea3de9502407667 .av-section-color-overlay{\nopacity:0.9;\nbackground-color:#0a0a0a;\n}\n<\/style>\n<div id='av_section_1'  class='avia-section av-3skdq0-58f1e4582b32ae18eea3de9502407667 main_color avia-section-default avia-no-border-styling  avia-builder-el-0  el_before_av_heading  avia-builder-el-first  avia-full-stretch avia-bg-style-scroll av-section-color-overlay-active av-minimum-height av-minimum-height-20 av-height-percent  container_wrap fullsize'  data-section-bg-repeat='stretch' data-av_minimum_height_pc='20' data-av_min_height_opt='percent'><div class=\"av-section-color-overlay-wrap\"><div class=\"av-section-color-overlay\"><\/div><div class='container av-section-cont-open' ><main  role=\"main\" itemprop=\"mainContentOfPage\"  class='template-page content  av-content-full alpha units'><div class='post-entry post-entry-type-page post-entry-680'><div class='entry-content-wrapper clearfix'>\n\n<\/div><\/div><\/main><!-- close content main element --><\/div><\/div><\/div><div id='after_section_1'  class='main_color av_default_container_wrap container_wrap fullsize'  ><div class='container av-section-cont-open' ><div class='template-page content  av-content-full alpha units'><div class='post-entry post-entry-type-page post-entry-680'><div class='entry-content-wrapper clearfix'>\n\n<style type=\"text\/css\" data-created_by=\"avia_inline_auto\" id=\"style-css-av-3ga920-ff3295438caebda72a2c6f7ff9dc2bdd\">\n#top .av-special-heading.av-3ga920-ff3295438caebda72a2c6f7ff9dc2bdd{\npadding-bottom:10px;\n}\nbody .av-special-heading.av-3ga920-ff3295438caebda72a2c6f7ff9dc2bdd .av-special-heading-tag .heading-char{\nfont-size:25px;\n}\n.av-special-heading.av-3ga920-ff3295438caebda72a2c6f7ff9dc2bdd .av-subheading{\nfont-size:15px;\n}\n<\/style>\n<div  class='av-special-heading av-3ga920-ff3295438caebda72a2c6f7ff9dc2bdd av-special-heading-h1 blockquote modern-quote  avia-builder-el-2  el_after_av_section  el_before_av_one_half  avia-builder-el-first '><h1 class='av-special-heading-tag '  itemprop=\"headline\"  >REPORTATGES CORPORATIUS D\u2019EMPRESA<\/h1><div class=\"special-heading-border\"><div class=\"special-heading-inner-border\"><\/div><\/div><\/div>\n<div  class='flex_column av-39ourc-a8245cc889104d51ffd7d9b43b4dd2c1 av_one_half  avia-builder-el-3  el_after_av_heading  el_before_av_one_half  first flex_column_div av-animated-generic bottom-to-top  '     ><section  class='av_textblock_section av-30n34w-a2669e96725aaac6272cc1080644ac19 '   itemscope=\"itemscope\" itemtype=\"https:\/\/schema.org\/CreativeWork\" ><div class='avia_textblock'  itemprop=\"text\" ><p data-path-to-node=\"2\">\ud83d\udcf8 <b data-path-to-node=\"2\" data-index-in-node=\"3\">Potencia la Imatge de la teva Empresa amb Click\u2019s Foto i V\u00eddeo<\/b> A Click\u2019s, no nom\u00e9s disparem una c\u00e0mera: creem hist\u00f2ries visuals. Sabem que la imatge de la teva empresa \u00e9s la teva millor carta de presentaci\u00f3, per aix\u00f2 t&#8217;ajudem a reflectir amb tot detall el teu producte, els teus valors i all\u00f2 que et fa \u00fanic.<\/p>\n<p data-path-to-node=\"3\">\ud83c\udfc6 <b data-path-to-node=\"3\" data-index-in-node=\"3\">L&#8217;experi\u00e8ncia i la confian\u00e7a ens avalen<\/b> Grans l\u00edders tecnol\u00f2gics ja han confiat en la nostra mirada. Hem tingut el privilegi de treballar per a multinacionals de primer nivell com <strong>TD Synnex, Western Digital, Jabra i HP<\/strong>. Si els referents del mercat deixen la seva imatge a les nostres mans, imagina qu\u00e8 podem fer per fer brillar el teu negoci!<\/p>\n<p data-path-to-node=\"3\"><img loading=\"lazy\" decoding=\"async\" class=\"alignnone  wp-image-1552\" src=\"https:\/\/clicksfotoivideo.com\/wp-content\/uploads\/2026\/03\/Captura-2026-03-02-134619_1.135.1-300x169.jpg\" alt=\"\" width=\"456\" height=\"257\" srcset=\"https:\/\/clicksfotoivideo.com\/wp-content\/uploads\/2026\/03\/Captura-2026-03-02-134619_1.135.1-300x169.jpg 300w, https:\/\/clicksfotoivideo.com\/wp-content\/uploads\/2026\/03\/Captura-2026-03-02-134619_1.135.1-1030x579.jpg 1030w, https:\/\/clicksfotoivideo.com\/wp-content\/uploads\/2026\/03\/Captura-2026-03-02-134619_1.135.1-768x432.jpg 768w, https:\/\/clicksfotoivideo.com\/wp-content\/uploads\/2026\/03\/Captura-2026-03-02-134619_1.135.1-1536x864.jpg 1536w, https:\/\/clicksfotoivideo.com\/wp-content\/uploads\/2026\/03\/Captura-2026-03-02-134619_1.135.1-2048x1152.jpg 2048w, https:\/\/clicksfotoivideo.com\/wp-content\/uploads\/2026\/03\/Captura-2026-03-02-134619_1.135.1-1500x844.jpg 1500w, https:\/\/clicksfotoivideo.com\/wp-content\/uploads\/2026\/03\/Captura-2026-03-02-134619_1.135.1-705x397.jpg 705w\" sizes=\"auto, (max-width: 456px) 100vw, 456px\" \/><\/p>\n<p data-path-to-node=\"4\">\ud83d\udcbc <b data-path-to-node=\"4\" data-index-in-node=\"3\">Qu\u00e8 podem fer per la teva marca?<\/b><\/p>\n<p data-path-to-node=\"5\">\u2728 <b data-path-to-node=\"5\" data-index-in-node=\"2\">Reportatges Corporatius i de Producte:<\/b> T&#8217;ajudem a decidir com han de ser les imatges perfectes per al teu negoci. Creem fotografies i v\u00eddeos que faran que t&#8217;enamoris (i enamoris els teus clients) encara m\u00e9s de la teva marca.<\/p>\n<p data-path-to-node=\"6\">\ud83c\udfa4 <b data-path-to-node=\"6\" data-index-in-node=\"3\">Cobertura d&#8217;Esdeveniments:<\/b> Immortalitzem els moments clau del teu negoci. Des de congressos i inauguracions, fins a festes d&#8217;empresa, dinars o graduacions. Que cap detall quedi en l&#8217;oblit!<\/p>\n<p data-path-to-node=\"7\">\ud83c\udf93 <b data-path-to-node=\"7\" data-index-in-node=\"3\">Sector Educatiu:<\/b> Tamb\u00e9 ens traslladem a les escoles per fer orles adaptades a cada centre i reportatges fotogr\u00e0fics de campanyes especials com Nadal.<\/p>\n<p data-path-to-node=\"8\">\ud83d\udca1 <b data-path-to-node=\"8\" data-index-in-node=\"3\">El nostre comprom\u00eds:<\/b> Ens impliquem des del primer minut. Treballem colze a colze amb tu per garantir que el resultat final transmeti exactament el que vols comunicar.<\/p>\n<p data-path-to-node=\"8\"><b data-path-to-node=\"9\" data-index-in-node=\"0\">Busques un altre tipus de servei audiovisual o tens una idea al cap?<\/b> No dubtis a escriure&#8217;ns, hi busquem la millor soluci\u00f3!<\/p>\n<p data-path-to-node=\"9\">\n<\/div><\/section><\/div>\n<div  class='flex_column av-2xsqq0-acace4b2527b3005204e076e3c6358ae av_one_half  avia-builder-el-5  el_after_av_one_half  el_before_av_one_half  flex_column_div av-animated-generic bottom-to-top  '     ><\/div>\n<div  class='flex_column av-2r0p88-03dea906e76103fbd8f6ac42adf1b773 av_one_half  avia-builder-el-6  el_after_av_one_half  el_before_av_one_half  first flex_column_div  column-top-margin'     ><div  class='avia-video av-2ij7jk-2d26c039d70dd46c1acc55781feb6880 avia-video-16-9 av-no-preview-image avia-video-load-always av-lazyload-immediate av-lazyload-video-embed'  itemprop=\"video\" itemtype=\"https:\/\/schema.org\/VideoObject\"  data-original_url='https:\/\/www.youtube.com\/watch?v=WT6nbh8MKII'><script type='text\/html' class='av-video-tmpl'><div class='avia-iframe-wrap'><iframe loading=\"lazy\" title=\"HP Channel Solutions Summit 2026 | Resum de l\u2019esdeveniment a Sitges | Click\u2019s Foto i V\u00eddeo\" width=\"1500\" height=\"844\" src=\"https:\/\/www.youtube.com\/embed\/WT6nbh8MKII?feature=oembed&autoplay=0&loop=0&controls=1&mute=0\" frameborder=\"0\" allow=\"accelerometer; autoplay; clipboard-write; encrypted-media; gyroscope; picture-in-picture; web-share\" referrerpolicy=\"strict-origin-when-cross-origin\" allowfullscreen><\/iframe><\/div><\/script><div class='av-click-to-play-overlay'><div class=\"avia_playpause_icon\"><\/div><\/div><\/div><\/div><div  class='flex_column av-av_one_half-7bd3f5cd863a6256abcb544d7c276d96 av_one_half  avia-builder-el-8  el_after_av_one_half  el_before_av_one_half  flex_column_div  column-top-margin'     ><div  class='avia-video av-av_video-155862dd89e234856ee5cdbc4c1421e2 avia-video-16-9 av-no-preview-image avia-video-load-always av-lazyload-immediate av-lazyload-video-embed'  itemprop=\"video\" itemtype=\"https:\/\/schema.org\/VideoObject\"  data-original_url='https:\/\/www.youtube.com\/watch?v=xlygtsXRHFU'><script type='text\/html' class='av-video-tmpl'><div class='avia-iframe-wrap'><iframe loading=\"lazy\" title=\"TD SYNNEX - Roadshow 2026\" width=\"1500\" height=\"844\" src=\"https:\/\/www.youtube.com\/embed\/xlygtsXRHFU?feature=oembed&autoplay=0&loop=0&controls=1&mute=0\" frameborder=\"0\" allow=\"accelerometer; autoplay; clipboard-write; encrypted-media; gyroscope; picture-in-picture; web-share\" referrerpolicy=\"strict-origin-when-cross-origin\" allowfullscreen><\/iframe><\/div><\/script><div class='av-click-to-play-overlay'><div class=\"avia_playpause_icon\"><\/div><\/div><\/div><\/div><\/p>\n<div  class='flex_column av-2f7b6o-83f4a90ace38a580f91c21888c3e323e av_one_half  avia-builder-el-10  el_after_av_one_half  el_before_av_one_half  first flex_column_div  column-top-margin'     ><div  class='avia-video av-28s2c8-d4b52bcd54dfd1affdec168419578dda avia-video-16-9 av-no-preview-image avia-video-load-always av-lazyload-immediate av-lazyload-video-embed'  itemprop=\"video\" itemtype=\"https:\/\/schema.org\/VideoObject\"  data-original_url='https:\/\/www.youtube.com\/watch?v=xHjUK-NlHss&t=6s'><script type='text\/html' class='av-video-tmpl'><div class='avia-iframe-wrap'><iframe loading=\"lazy\" title=\"JABRA - Room for more\" width=\"1500\" height=\"844\" src=\"https:\/\/www.youtube.com\/embed\/xHjUK-NlHss?start=6&feature=oembed&autoplay=0&loop=0&controls=1&mute=0\" frameborder=\"0\" allow=\"accelerometer; autoplay; clipboard-write; encrypted-media; gyroscope; picture-in-picture; web-share\" referrerpolicy=\"strict-origin-when-cross-origin\" allowfullscreen><\/iframe><\/div><\/script><div class='av-click-to-play-overlay'><div class=\"avia_playpause_icon\"><\/div><\/div><\/div><\/div>\n<div  class='flex_column av-23lxq0-5aec511ba7541d77fd56ac27eacb7569 av_one_half  avia-builder-el-12  el_after_av_one_half  el_before_av_one_half  flex_column_div  column-top-margin'     ><div  class='avia-video av-1ybxg0-1603ab988dd91ac73acb76283639fb1e avia-video-16-9 av-no-preview-image avia-video-load-always av-lazyload-immediate av-lazyload-video-embed'  itemprop=\"video\" itemtype=\"https:\/\/schema.org\/VideoObject\"  data-original_url='https:\/\/www.youtube.com\/watch?v=jkTKQJuAYR0&t=5s'><script type='text\/html' class='av-video-tmpl'><div class='avia-iframe-wrap'><iframe loading=\"lazy\" title=\"WESTERN DIGITAL - Enterprise Partner Summit 2025\" width=\"1500\" height=\"844\" src=\"https:\/\/www.youtube.com\/embed\/jkTKQJuAYR0?start=5&feature=oembed&autoplay=0&loop=0&controls=1&mute=0\" frameborder=\"0\" allow=\"accelerometer; autoplay; clipboard-write; encrypted-media; gyroscope; picture-in-picture; web-share\" referrerpolicy=\"strict-origin-when-cross-origin\" allowfullscreen><\/iframe><\/div><\/script><div class='av-click-to-play-overlay'><div class=\"avia_playpause_icon\"><\/div><\/div><\/div><\/div>\n<div  class='flex_column av-1rm140-4b280bf8ee689acfb196cc4bccc81a68 av_one_half  avia-builder-el-14  el_after_av_one_half  el_before_av_one_half  first flex_column_div  column-top-margin'     ><div  class='avia-video av-1idbhk-b05ff57a59354aa9ff768035126e5978 avia-video-16-9 av-no-preview-image avia-video-load-always av-lazyload-immediate av-lazyload-video-embed'  itemprop=\"video\" itemtype=\"https:\/\/schema.org\/VideoObject\"  data-original_url='https:\/\/youtu.be\/xXJ_cu6OuYg?si=6fkfniRGjXWRKkKR'><script type='text\/html' class='av-video-tmpl'><div class='avia-iframe-wrap'><iframe loading=\"lazy\" title=\"Dia Cambra Bergued\u00e0\" width=\"1500\" height=\"844\" src=\"https:\/\/www.youtube.com\/embed\/xXJ_cu6OuYg?feature=oembed&autoplay=0&loop=0&controls=1&mute=0\" frameborder=\"0\" allow=\"accelerometer; autoplay; clipboard-write; encrypted-media; gyroscope; picture-in-picture; web-share\" referrerpolicy=\"strict-origin-when-cross-origin\" allowfullscreen><\/iframe><\/div><\/script><div class='av-click-to-play-overlay'><div class=\"avia_playpause_icon\"><\/div><\/div><\/div><\/div>\n<div  class='flex_column av-1h4rbk-bbfc54e2e4a9c0a404c35473205534b3 av_one_half  avia-builder-el-16  el_after_av_one_half  el_before_av_section  avia-builder-el-last  flex_column_div  column-top-margin'     ><div  class='avia-video av-172olk-e9633dc1aab24e210551b491992d7549 avia-video-16-9 av-no-preview-image avia-video-load-always av-lazyload-immediate av-lazyload-video-embed'  itemprop=\"video\" itemtype=\"https:\/\/schema.org\/VideoObject\"  data-original_url='https:\/\/youtu.be\/UuxQC_XUFr4?si=Yg4JN_zk58O1zERv'><script type='text\/html' class='av-video-tmpl'><div class='avia-iframe-wrap'><iframe loading=\"lazy\" title=\"Pesco&amp;Go\" width=\"1500\" height=\"844\" src=\"https:\/\/www.youtube.com\/embed\/UuxQC_XUFr4?feature=oembed&autoplay=0&loop=0&controls=1&mute=0\" frameborder=\"0\" allow=\"accelerometer; autoplay; clipboard-write; encrypted-media; gyroscope; picture-in-picture; web-share\" referrerpolicy=\"strict-origin-when-cross-origin\" allowfullscreen><\/iframe><\/div><\/script><div class='av-click-to-play-overlay'><div class=\"avia_playpause_icon\"><\/div><\/div><\/div><\/div>\n<\/div><\/div><\/div><!-- close content main div --><\/div><\/div><div id='av_section_2'  class='avia-section av-12nh48-94581f4ce1daa8815c8614a21c730db7 alternate_color avia-section-default avia-no-border-styling  avia-builder-el-18  el_after_av_one_half  el_before_av_section  avia-bg-style-scroll container_wrap fullsize'  ><div class='container av-section-cont-open' ><div class='template-page content  av-content-full alpha units'><div class='post-entry post-entry-type-page post-entry-680'><div class='entry-content-wrapper clearfix'>\n<div  class='flex_column av-z9vsw-ce61de91e61fe17ddf008034305ed7f3 av_one_half  avia-builder-el-19  el_before_av_one_half  avia-builder-el-first  first flex_column_div  '     ><section  class='av_textblock_section av-r5vgg-c3bcd7b80d8322f4187f45b17c4ee081 '   itemscope=\"itemscope\" itemtype=\"https:\/\/schema.org\/CreativeWork\" ><div class='avia_textblock'  itemprop=\"text\" ><p>\ud83d\ude80 <b data-path-to-node=\"1\" data-index-in-node=\"3\">Est\u00e0s a un &#8220;click&#8221; de fer destacar la teva empresa.<\/b><\/p>\n<\/div><\/section><\/div><div  class='flex_column av-nb5mo-e0c023dbfa2808e84d59f3a1fc96943b av_one_half  avia-builder-el-21  el_after_av_one_half  avia-builder-el-last  flex_column_div  '     ><div  class='avia-button-wrap av-hm4gg-fa0144c1b1ea003988b77a630aed85e7-wrap avia-button-left  avia-builder-el-22  avia-builder-el-no-sibling '><a href='https:\/\/clicksfotoivideo.com\/contacto\/'  class='avia-button av-hm4gg-fa0144c1b1ea003988b77a630aed85e7 av-link-btn avia-icon_select-yes-right-icon avia-size-x-large avia-position-left avia-color-theme-color'   aria-label=\"Contactar\"><span class='avia_iconbox_title' >Contactar<\/span><span class='avia_button_icon avia_button_icon_right avia-iconfont avia-font-entypo-fontello' data-av_icon='\ue88d' data-av_iconfont='entypo-fontello' ><\/span><\/a><\/div><\/div>\n\n<\/div><\/div><\/div><!-- close content main div --><\/div><\/div>\n<style type=\"text\/css\" data-created_by=\"avia_inline_auto\" id=\"style-css-av-a88p4-0a6c312b55aaf33e6933bc3014beb8ae\">\n.avia-section.av-a88p4-0a6c312b55aaf33e6933bc3014beb8ae{\nbackground-repeat:no-repeat;\nbackground-image:url(https:\/\/clicksfotoivideo.com\/wp-content\/uploads\/2023\/11\/DSC1561.jpg);\nbackground-position:50% 50%;\nbackground-attachment:fixed;\n}\n<\/style>\n<div id='av_section_3'  class='avia-section av-a88p4-0a6c312b55aaf33e6933bc3014beb8ae main_color avia-section-default avia-no-border-styling  avia-builder-el-23  el_after_av_section  avia-builder-el-last  avia-bg-style-fixed av-minimum-height av-minimum-height-50 av-height-50  container_wrap fullsize'  data-section-bg-repeat='no-repeat' data-av_minimum_height_pc='50' data-av_min_height_opt='50'><div class='container av-section-cont-open' ><div class='template-page content  av-content-full alpha units'><div class='post-entry post-entry-type-page post-entry-680'><div class='entry-content-wrapper clearfix'>\n","protected":false},"excerpt":{"rendered":"","protected":false},"author":3,"featured_media":0,"parent":0,"menu_order":0,"comment_status":"closed","ping_status":"closed","template":"","meta":{"footnotes":""},"class_list":["post-680","page","type-page","status-publish","hentry"],"yoast_head":"<!-- This site is optimized with the Yoast SEO plugin v27.3 - https:\/\/yoast.com\/product\/yoast-seo-wordpress\/ -->\n<title>Serveis de fotografia i v\u00eddeo per a empreses<\/title>\n<meta name=\"description\" content=\"Oferim serveis professionals de fotografia i v\u00eddeo per a empreses de qualsevol tipus.\" \/>\n<meta name=\"robots\" content=\"index, follow, max-snippet:-1, max-image-preview:large, max-video-preview:-1\" \/>\n<link rel=\"canonical\" href=\"https:\/\/clicksfotoivideo.com\/ca\/empresa\/\" \/>\n<meta property=\"og:locale\" content=\"ca_ES\" \/>\n<meta property=\"og:type\" content=\"article\" \/>\n<meta property=\"og:title\" content=\"Serveis de fotografia i v\u00eddeo per a empreses\" \/>\n<meta property=\"og:description\" content=\"Oferim serveis professionals de fotografia i v\u00eddeo per a empreses de qualsevol tipus.\" \/>\n<meta property=\"og:url\" content=\"https:\/\/clicksfotoivideo.com\/ca\/empresa\/\" \/>\n<meta property=\"og:site_name\" content=\"Clicks Foto y V\u00eddeo\" \/>\n<meta property=\"article:modified_time\" content=\"2026-03-10T12:18:22+00:00\" \/>\n<meta property=\"og:image\" content=\"https:\/\/clicksfotoivideo.com\/wp-content\/uploads\/2026\/03\/Captura-2026-03-02-134619_1.135.1-1030x579.jpg\" \/>\n\t<meta property=\"og:image:width\" content=\"1030\" \/>\n\t<meta property=\"og:image:height\" content=\"579\" \/>\n\t<meta property=\"og:image:type\" content=\"image\/jpeg\" \/>\n<meta name=\"twitter:card\" content=\"summary_large_image\" \/>\n<meta name=\"twitter:label1\" content=\"Temps estimat de lectura\" \/>\n\t<meta name=\"twitter:data1\" content=\"2 minuts\" \/>\n<script type=\"application\/ld+json\" class=\"yoast-schema-graph\">{\"@context\":\"https:\\\/\\\/schema.org\",\"@graph\":[{\"@type\":\"WebPage\",\"@id\":\"https:\\\/\\\/clicksfotoivideo.com\\\/ca\\\/empresa\\\/\",\"url\":\"https:\\\/\\\/clicksfotoivideo.com\\\/ca\\\/empresa\\\/\",\"name\":\"Serveis de fotografia i v\u00eddeo per a empreses\",\"isPartOf\":{\"@id\":\"https:\\\/\\\/clicksfotoivideo.com\\\/ca\\\/#website\"},\"primaryImageOfPage\":{\"@id\":\"https:\\\/\\\/clicksfotoivideo.com\\\/ca\\\/empresa\\\/#primaryimage\"},\"image\":{\"@id\":\"https:\\\/\\\/clicksfotoivideo.com\\\/ca\\\/empresa\\\/#primaryimage\"},\"thumbnailUrl\":\"https:\\\/\\\/clicksfotoivideo.com\\\/wp-content\\\/uploads\\\/2026\\\/03\\\/Captura-2026-03-02-134619_1.135.1-300x169.jpg\",\"datePublished\":\"2023-11-22T08:46:53+00:00\",\"dateModified\":\"2026-03-10T12:18:22+00:00\",\"description\":\"Oferim serveis professionals de fotografia i v\u00eddeo per a empreses de qualsevol tipus.\",\"breadcrumb\":{\"@id\":\"https:\\\/\\\/clicksfotoivideo.com\\\/ca\\\/empresa\\\/#breadcrumb\"},\"inLanguage\":\"ca\",\"potentialAction\":[{\"@type\":\"ReadAction\",\"target\":[\"https:\\\/\\\/clicksfotoivideo.com\\\/ca\\\/empresa\\\/\"]}]},{\"@type\":\"ImageObject\",\"inLanguage\":\"ca\",\"@id\":\"https:\\\/\\\/clicksfotoivideo.com\\\/ca\\\/empresa\\\/#primaryimage\",\"url\":\"https:\\\/\\\/clicksfotoivideo.com\\\/wp-content\\\/uploads\\\/2026\\\/03\\\/Captura-2026-03-02-134619_1.135.1-300x169.jpg\",\"contentUrl\":\"https:\\\/\\\/clicksfotoivideo.com\\\/wp-content\\\/uploads\\\/2026\\\/03\\\/Captura-2026-03-02-134619_1.135.1-300x169.jpg\"},{\"@type\":\"BreadcrumbList\",\"@id\":\"https:\\\/\\\/clicksfotoivideo.com\\\/ca\\\/empresa\\\/#breadcrumb\",\"itemListElement\":[{\"@type\":\"ListItem\",\"position\":1,\"name\":\"Inici\",\"item\":\"https:\\\/\\\/clicksfotoivideo.com\\\/ca\\\/inici\\\/\"},{\"@type\":\"ListItem\",\"position\":2,\"name\":\"Empresa\"}]},{\"@type\":\"WebSite\",\"@id\":\"https:\\\/\\\/clicksfotoivideo.com\\\/ca\\\/#website\",\"url\":\"https:\\\/\\\/clicksfotoivideo.com\\\/ca\\\/\",\"name\":\"Clicks Foto y V\u00eddeo\",\"description\":\"Tu boda perfecta con fot\u00f3grafos profesionales\",\"potentialAction\":[{\"@type\":\"SearchAction\",\"target\":{\"@type\":\"EntryPoint\",\"urlTemplate\":\"https:\\\/\\\/clicksfotoivideo.com\\\/ca\\\/?s={search_term_string}\"},\"query-input\":{\"@type\":\"PropertyValueSpecification\",\"valueRequired\":true,\"valueName\":\"search_term_string\"}}],\"inLanguage\":\"ca\"}]}<\/script>\n<!-- \/ Yoast SEO plugin. -->","yoast_head_json":{"title":"Serveis de fotografia i v\u00eddeo per a empreses","description":"Oferim serveis professionals de fotografia i v\u00eddeo per a empreses de qualsevol tipus.","robots":{"index":"index","follow":"follow","max-snippet":"max-snippet:-1","max-image-preview":"max-image-preview:large","max-video-preview":"max-video-preview:-1"},"canonical":"https:\/\/clicksfotoivideo.com\/ca\/empresa\/","og_locale":"ca_ES","og_type":"article","og_title":"Serveis de fotografia i v\u00eddeo per a empreses","og_description":"Oferim serveis professionals de fotografia i v\u00eddeo per a empreses de qualsevol tipus.","og_url":"https:\/\/clicksfotoivideo.com\/ca\/empresa\/","og_site_name":"Clicks Foto y V\u00eddeo","article_modified_time":"2026-03-10T12:18:22+00:00","og_image":[{"width":1030,"height":579,"url":"https:\/\/clicksfotoivideo.com\/wp-content\/uploads\/2026\/03\/Captura-2026-03-02-134619_1.135.1-1030x579.jpg","type":"image\/jpeg"}],"twitter_card":"summary_large_image","twitter_misc":{"Temps estimat de lectura":"2 minuts"},"schema":{"@context":"https:\/\/schema.org","@graph":[{"@type":"WebPage","@id":"https:\/\/clicksfotoivideo.com\/ca\/empresa\/","url":"https:\/\/clicksfotoivideo.com\/ca\/empresa\/","name":"Serveis de fotografia i v\u00eddeo per a empreses","isPartOf":{"@id":"https:\/\/clicksfotoivideo.com\/ca\/#website"},"primaryImageOfPage":{"@id":"https:\/\/clicksfotoivideo.com\/ca\/empresa\/#primaryimage"},"image":{"@id":"https:\/\/clicksfotoivideo.com\/ca\/empresa\/#primaryimage"},"thumbnailUrl":"https:\/\/clicksfotoivideo.com\/wp-content\/uploads\/2026\/03\/Captura-2026-03-02-134619_1.135.1-300x169.jpg","datePublished":"2023-11-22T08:46:53+00:00","dateModified":"2026-03-10T12:18:22+00:00","description":"Oferim serveis professionals de fotografia i v\u00eddeo per a empreses de qualsevol tipus.","breadcrumb":{"@id":"https:\/\/clicksfotoivideo.com\/ca\/empresa\/#breadcrumb"},"inLanguage":"ca","potentialAction":[{"@type":"ReadAction","target":["https:\/\/clicksfotoivideo.com\/ca\/empresa\/"]}]},{"@type":"ImageObject","inLanguage":"ca","@id":"https:\/\/clicksfotoivideo.com\/ca\/empresa\/#primaryimage","url":"https:\/\/clicksfotoivideo.com\/wp-content\/uploads\/2026\/03\/Captura-2026-03-02-134619_1.135.1-300x169.jpg","contentUrl":"https:\/\/clicksfotoivideo.com\/wp-content\/uploads\/2026\/03\/Captura-2026-03-02-134619_1.135.1-300x169.jpg"},{"@type":"BreadcrumbList","@id":"https:\/\/clicksfotoivideo.com\/ca\/empresa\/#breadcrumb","itemListElement":[{"@type":"ListItem","position":1,"name":"Inici","item":"https:\/\/clicksfotoivideo.com\/ca\/inici\/"},{"@type":"ListItem","position":2,"name":"Empresa"}]},{"@type":"WebSite","@id":"https:\/\/clicksfotoivideo.com\/ca\/#website","url":"https:\/\/clicksfotoivideo.com\/ca\/","name":"Clicks Foto y V\u00eddeo","description":"Tu boda perfecta con fot\u00f3grafos profesionales","potentialAction":[{"@type":"SearchAction","target":{"@type":"EntryPoint","urlTemplate":"https:\/\/clicksfotoivideo.com\/ca\/?s={search_term_string}"},"query-input":{"@type":"PropertyValueSpecification","valueRequired":true,"valueName":"search_term_string"}}],"inLanguage":"ca"}]}},"_links":{"self":[{"href":"https:\/\/clicksfotoivideo.com\/ca\/wp-json\/wp\/v2\/pages\/680","targetHints":{"allow":["GET"]}}],"collection":[{"href":"https:\/\/clicksfotoivideo.com\/ca\/wp-json\/wp\/v2\/pages"}],"about":[{"href":"https:\/\/clicksfotoivideo.com\/ca\/wp-json\/wp\/v2\/types\/page"}],"author":[{"embeddable":true,"href":"https:\/\/clicksfotoivideo.com\/ca\/wp-json\/wp\/v2\/users\/3"}],"replies":[{"embeddable":true,"href":"https:\/\/clicksfotoivideo.com\/ca\/wp-json\/wp\/v2\/comments?post=680"}],"version-history":[{"count":10,"href":"https:\/\/clicksfotoivideo.com\/ca\/wp-json\/wp\/v2\/pages\/680\/revisions"}],"predecessor-version":[{"id":1550,"href":"https:\/\/clicksfotoivideo.com\/ca\/wp-json\/wp\/v2\/pages\/680\/revisions\/1550"}],"wp:attachment":[{"href":"https:\/\/clicksfotoivideo.com\/ca\/wp-json\/wp\/v2\/media?parent=680"}],"curies":[{"name":"wp","href":"https:\/\/api.w.org\/{rel}","templated":true}]}}