{"id":685,"date":"2023-11-22T09:49:55","date_gmt":"2023-11-22T08:49:55","guid":{"rendered":"https:\/\/clicksfotoivideo.com\/galeria\/"},"modified":"2024-08-27T12:44:11","modified_gmt":"2024-08-27T10:44:11","slug":"galeria","status":"publish","type":"page","link":"https:\/\/clicksfotoivideo.com\/ca\/galeria\/","title":{"rendered":"Galeria"},"content":{"rendered":"\n<style type=\"text\/css\" data-created_by=\"avia_inline_auto\" id=\"style-css-av-lna7ohxj-d8d22b2877b11a6e31fa7269c6158978\">\n.avia-section.av-lna7ohxj-d8d22b2877b11a6e31fa7269c6158978{\nbackground-repeat:no-repeat;\nbackground-image:url(https:\/\/clicksfotoivideo.com\/wp-content\/uploads\/2023\/10\/clicks-foto-i-video-portfolio-02-1500x430.jpg);\nbackground-position:50% 0%;\nbackground-attachment:scroll;\n}\n.avia-section.av-lna7ohxj-d8d22b2877b11a6e31fa7269c6158978 .av-section-color-overlay{\nopacity:0.9;\nbackground-color:#0a0a0a;\n}\n<\/style>\n<div id='av_section_1'  class='avia-section av-lna7ohxj-d8d22b2877b11a6e31fa7269c6158978 main_color avia-section-default avia-no-border-styling  avia-builder-el-0  avia-builder-el-no-sibling  avia-full-stretch avia-bg-style-scroll av-section-color-overlay-active av-minimum-height av-minimum-height-20 av-height-percent  container_wrap fullsize'  data-section-bg-repeat='stretch' data-av_minimum_height_pc='20' data-av_min_height_opt='percent'><div class=\"av-section-color-overlay-wrap\"><div class=\"av-section-color-overlay\"><\/div><div class='container av-section-cont-open' ><main  role=\"main\" itemprop=\"mainContentOfPage\"  class='template-page content  av-content-full alpha units'><div class='post-entry post-entry-type-page post-entry-685'><div class='entry-content-wrapper clearfix'>\n\n\n<div  class='flex_column av-lna8u8l9-88ecbd93dd089a308a15ea2c21f23c6b av_one_half first flex_column_div av-animated-generic bottom-to-top  '     ><p>\n<style type=\"text\/css\" data-created_by=\"avia_inline_auto\" id=\"style-css-av-lna8l6ks-96a71a9c223f86c166e25f9ef219f97c\">\n#top .av-special-heading.av-lna8l6ks-96a71a9c223f86c166e25f9ef219f97c{\npadding-bottom:10px;\n}\nbody .av-special-heading.av-lna8l6ks-96a71a9c223f86c166e25f9ef219f97c .av-special-heading-tag .heading-char{\nfont-size:25px;\n}\n.av-special-heading.av-lna8l6ks-96a71a9c223f86c166e25f9ef219f97c .av-subheading{\nfont-size:15px;\n}\n<\/style>\n<div  class='av-special-heading av-lna8l6ks-96a71a9c223f86c166e25f9ef219f97c av-special-heading-h1 blockquote modern-quote'><h1 class='av-special-heading-tag '  itemprop=\"headline\"  >Troba aqu\u00ed les teves fotos<\/h1><div class=\"special-heading-border\"><div class=\"special-heading-inner-border\"><\/div><\/div><\/div><br \/>\n<section  class='av_textblock_section av-lna8lg2p-c4b96227f014a2edb4607092d5cf6d40 '   itemscope=\"itemscope\" itemtype=\"https:\/\/schema.org\/CreativeWork\" ><div class='avia_textblock'  itemprop=\"text\" ><p><span style=\"font-weight: 400;\">Ens has vist prenent fotos en algun esdeveniment on has estat? Llavors, obre la galeria corresponent, busca les teves fotos i escull les que vulguis!<\/span><\/p>\n<p><span style=\"font-weight: 400;\">La vols imprimir? \u00a1D\u00ednos-ho i ens assegurarem que t&#8217;arribi a la m\u00e0xima resoluci\u00f3!<\/span><\/p>\n<\/div><\/section><br \/>\n<div  class='avia-button-wrap av-lo8o3a9g-3d13923d67a7aae539f5269de22139ae-wrap avia-button-left '><a href='https:\/\/clicksfotoivideo.pixieset.com\/'  class='avia-button av-lo8o3a9g-3d13923d67a7aae539f5269de22139ae av-link-btn avia-icon_select-yes-left-icon avia-size-x-large avia-position-left avia-color-theme-color'  target=\"_blank\"  rel=\"noopener noreferrer\"  aria-label=\"Accedir a la galeria\"><span class='avia_button_icon avia_button_icon_left avia-iconfont avia-font-entypo-fontello' data-av_icon='\ue80f' data-av_iconfont='entypo-fontello' ><\/span><span class='avia_iconbox_title' >Accedir a la galeria<\/span><\/a><\/div><\/p><\/div><div  class='flex_column av-6wvfs-42c76a5a527c54e27c30a24a7f291d27 av_one_half flex_column_div  '     ><style type=\"text\/css\" data-created_by=\"avia_inline_auto\" id=\"style-css-av-lo5ghd62-c17a8d3a10a7083923d8c09c68ba9cf7\">\n.avia-image-container.av-lo5ghd62-c17a8d3a10a7083923d8c09c68ba9cf7 img.avia_image{\nbox-shadow:none;\n}\n.avia-image-container.av-lo5ghd62-c17a8d3a10a7083923d8c09c68ba9cf7 .av-image-caption-overlay-center{\ncolor:#ffffff;\n}\n<\/style>\n<div  class='avia-image-container av-lo5ghd62-c17a8d3a10a7083923d8c09c68ba9cf7 av-styling- avia-align-center'   itemprop=\"image\" itemscope=\"itemscope\" itemtype=\"https:\/\/schema.org\/ImageObject\" ><div class=\"avia-image-container-inner\"><div class=\"avia-image-overlay-wrap\"><img decoding=\"async\" fetchpriority=\"high\" class='wp-image-574 avia-img-lazy-loading-not-574 avia_image ' src=\"https:\/\/clicksfotoivideo.com\/wp-content\/uploads\/2023\/11\/DSC00254-Editar-1030x579.jpg\" alt='' title='DSC00254-Editar'  height=\"579\" width=\"1030\"  itemprop=\"thumbnailUrl\" srcset=\"https:\/\/clicksfotoivideo.com\/wp-content\/uploads\/2023\/11\/DSC00254-Editar-1030x579.jpg 1030w, https:\/\/clicksfotoivideo.com\/wp-content\/uploads\/2023\/11\/DSC00254-Editar-300x169.jpg 300w, https:\/\/clicksfotoivideo.com\/wp-content\/uploads\/2023\/11\/DSC00254-Editar-768x432.jpg 768w, https:\/\/clicksfotoivideo.com\/wp-content\/uploads\/2023\/11\/DSC00254-Editar-1536x864.jpg 1536w, https:\/\/clicksfotoivideo.com\/wp-content\/uploads\/2023\/11\/DSC00254-Editar-1500x844.jpg 1500w, https:\/\/clicksfotoivideo.com\/wp-content\/uploads\/2023\/11\/DSC00254-Editar-705x397.jpg 705w, https:\/\/clicksfotoivideo.com\/wp-content\/uploads\/2023\/11\/DSC00254-Editar.jpg 2048w\" sizes=\"(max-width: 1030px) 100vw, 1030px\" \/><\/div><\/div><\/div><\/div><\/div><\/div><\/main><!-- close content main element --><\/div><\/div><\/div><div id='av_section_2'  class='avia-section av-v66hc-abed7191fdd1f41be4bd6579c23a779f alternate_color avia-section-default avia-no-border-styling avia-bg-style-scroll container_wrap fullsize'  ><div class='container av-section-cont-open' ><div class='template-page content  av-content-full alpha units'><div class='post-entry post-entry-type-page post-entry-685'><div class='entry-content-wrapper clearfix'>\n<div  class='flex_column av-qjn40-e56b1d0e666f39336e47e75abb5a02b5 av_one_half first flex_column_div  '     ><section  class='av_textblock_section av-k09cg-01c72b90ad9877097800af1c88cc0b3b '   itemscope=\"itemscope\" itemtype=\"https:\/\/schema.org\/CreativeWork\" ><div class='avia_textblock'  itemprop=\"text\" ><p><span style=\"font-weight: 400;\">Tu buscaves algun altre tipus de servei de v\u00eddeo o fotografia? No dubtis a escriure&#8217;ns i ho solucionem!<\/span><\/p>\n<\/div><\/section><\/div><div  class='flex_column av-ew8cg-a8ad19b8c510cec0b1693faa179c3e49 av_one_half flex_column_div  '     ><div  class='avia-button-wrap av-914t4-efbff1287aa600abe206d1aa91d0d709-wrap avia-button-left '><a href='https:\/\/clicksfotoivideo.com\/contacto\/'  class='avia-button av-914t4-efbff1287aa600abe206d1aa91d0d709 av-link-btn avia-icon_select-yes-right-icon avia-size-x-large avia-position-left avia-color-theme-color'   aria-label=\"Contactar\"><span class='avia_iconbox_title' >Contactar<\/span><span class='avia_button_icon avia_button_icon_right avia-iconfont avia-font-entypo-fontello' data-av_icon='\ue88d' data-av_iconfont='entypo-fontello' ><\/span><\/a><\/div><\/div>\n<\/p>\n<\/div><\/div><\/div><!-- close content main div --><\/div><\/div>\n<style type=\"text\/css\" data-created_by=\"avia_inline_auto\" id=\"style-css-av-lp1ht4yk-f361226d4c5493b4d0f12506da1f8eb5\">\n.avia-section.av-lp1ht4yk-f361226d4c5493b4d0f12506da1f8eb5 .av-parallax .av-parallax-inner{\nbackground-repeat:no-repeat;\nbackground-image:url(https:\/\/clicksfotoivideo.com\/wp-content\/uploads\/2023\/11\/DSC00254-Editar-1030x579.jpg);\nbackground-position:50% 50%;\nbackground-attachment:scroll;\n}\n<\/style>\n<div id='av_section_3'  class='avia-section av-lp1ht4yk-f361226d4c5493b4d0f12506da1f8eb5 main_color avia-section-default avia-no-border-styling av-parallax-section avia-bg-style-parallax av-minimum-height av-minimum-height-100 av-height-100  container_wrap fullsize'  data-section-bg-repeat='no-repeat' data-av_minimum_height_pc='100' data-av_min_height_opt='100'><div class='av-parallax' data-avia-parallax-ratio='0.3' ><div class='av-parallax-inner main_color avia-full-stretch'><\/div><\/div><div class='container av-section-cont-open' ><div class='template-page content  av-content-full alpha units'><div class='post-entry post-entry-type-page post-entry-685'><div class='entry-content-wrapper clearfix'>\n","protected":false},"excerpt":{"rendered":"","protected":false},"author":3,"featured_media":0,"parent":0,"menu_order":0,"comment_status":"closed","ping_status":"closed","template":"","meta":{"footnotes":""},"class_list":["post-685","page","type-page","status-publish","hentry"],"yoast_head":"<!-- This site is optimized with the Yoast SEO plugin v27.5 - https:\/\/yoast.com\/product\/yoast-seo-wordpress\/ -->\n<title>Galeria de fotos i v\u00eddeos dels nostres treballs<\/title>\n<meta name=\"description\" content=\"Explora la nostra galeria de fotos i v\u00eddeos i descobreix la qualitat del nostre treball.\" \/>\n<meta name=\"robots\" content=\"index, follow, max-snippet:-1, max-image-preview:large, max-video-preview:-1\" \/>\n<link rel=\"canonical\" href=\"https:\/\/clicksfotoivideo.com\/ca\/galeria\/\" \/>\n<meta property=\"og:locale\" content=\"ca_ES\" \/>\n<meta property=\"og:type\" content=\"article\" \/>\n<meta property=\"og:title\" content=\"Galeria de fotos i v\u00eddeos dels nostres treballs\" \/>\n<meta property=\"og:description\" content=\"Explora la nostra galeria de fotos i v\u00eddeos i descobreix la qualitat del nostre treball.\" \/>\n<meta property=\"og:url\" content=\"https:\/\/clicksfotoivideo.com\/ca\/galeria\/\" \/>\n<meta property=\"og:site_name\" content=\"Clicks Foto y V\u00eddeo\" \/>\n<meta property=\"article:modified_time\" content=\"2024-08-27T10:44:11+00:00\" \/>\n<meta name=\"twitter:card\" content=\"summary_large_image\" \/>\n<meta name=\"twitter:label1\" content=\"Temps estimat de lectura\" \/>\n\t<meta name=\"twitter:data1\" content=\"1 minut\" \/>\n<script type=\"application\/ld+json\" class=\"yoast-schema-graph\">{\"@context\":\"https:\\\/\\\/schema.org\",\"@graph\":[{\"@type\":\"WebPage\",\"@id\":\"https:\\\/\\\/clicksfotoivideo.com\\\/ca\\\/galeria\\\/\",\"url\":\"https:\\\/\\\/clicksfotoivideo.com\\\/ca\\\/galeria\\\/\",\"name\":\"Galeria de fotos i v\u00eddeos dels nostres treballs\",\"isPartOf\":{\"@id\":\"https:\\\/\\\/clicksfotoivideo.com\\\/ca\\\/#website\"},\"datePublished\":\"2023-11-22T08:49:55+00:00\",\"dateModified\":\"2024-08-27T10:44:11+00:00\",\"description\":\"Explora la nostra galeria de fotos i v\u00eddeos i descobreix la qualitat del nostre treball.\",\"breadcrumb\":{\"@id\":\"https:\\\/\\\/clicksfotoivideo.com\\\/ca\\\/galeria\\\/#breadcrumb\"},\"inLanguage\":\"ca\",\"potentialAction\":[{\"@type\":\"ReadAction\",\"target\":[\"https:\\\/\\\/clicksfotoivideo.com\\\/ca\\\/galeria\\\/\"]}]},{\"@type\":\"BreadcrumbList\",\"@id\":\"https:\\\/\\\/clicksfotoivideo.com\\\/ca\\\/galeria\\\/#breadcrumb\",\"itemListElement\":[{\"@type\":\"ListItem\",\"position\":1,\"name\":\"Inici\",\"item\":\"https:\\\/\\\/clicksfotoivideo.com\\\/ca\\\/inici\\\/\"},{\"@type\":\"ListItem\",\"position\":2,\"name\":\"Galeria\"}]},{\"@type\":\"WebSite\",\"@id\":\"https:\\\/\\\/clicksfotoivideo.com\\\/ca\\\/#website\",\"url\":\"https:\\\/\\\/clicksfotoivideo.com\\\/ca\\\/\",\"name\":\"Clicks Foto y V\u00eddeo\",\"description\":\"Tu boda perfecta con fot\u00f3grafos profesionales\",\"potentialAction\":[{\"@type\":\"SearchAction\",\"target\":{\"@type\":\"EntryPoint\",\"urlTemplate\":\"https:\\\/\\\/clicksfotoivideo.com\\\/ca\\\/?s={search_term_string}\"},\"query-input\":{\"@type\":\"PropertyValueSpecification\",\"valueRequired\":true,\"valueName\":\"search_term_string\"}}],\"inLanguage\":\"ca\"}]}<\/script>\n<!-- \/ Yoast SEO plugin. -->","yoast_head_json":{"title":"Galeria de fotos i v\u00eddeos dels nostres treballs","description":"Explora la nostra galeria de fotos i v\u00eddeos i descobreix la qualitat del nostre treball.","robots":{"index":"index","follow":"follow","max-snippet":"max-snippet:-1","max-image-preview":"max-image-preview:large","max-video-preview":"max-video-preview:-1"},"canonical":"https:\/\/clicksfotoivideo.com\/ca\/galeria\/","og_locale":"ca_ES","og_type":"article","og_title":"Galeria de fotos i v\u00eddeos dels nostres treballs","og_description":"Explora la nostra galeria de fotos i v\u00eddeos i descobreix la qualitat del nostre treball.","og_url":"https:\/\/clicksfotoivideo.com\/ca\/galeria\/","og_site_name":"Clicks Foto y V\u00eddeo","article_modified_time":"2024-08-27T10:44:11+00:00","twitter_card":"summary_large_image","twitter_misc":{"Temps estimat de lectura":"1 minut"},"schema":{"@context":"https:\/\/schema.org","@graph":[{"@type":"WebPage","@id":"https:\/\/clicksfotoivideo.com\/ca\/galeria\/","url":"https:\/\/clicksfotoivideo.com\/ca\/galeria\/","name":"Galeria de fotos i v\u00eddeos dels nostres treballs","isPartOf":{"@id":"https:\/\/clicksfotoivideo.com\/ca\/#website"},"datePublished":"2023-11-22T08:49:55+00:00","dateModified":"2024-08-27T10:44:11+00:00","description":"Explora la nostra galeria de fotos i v\u00eddeos i descobreix la qualitat del nostre treball.","breadcrumb":{"@id":"https:\/\/clicksfotoivideo.com\/ca\/galeria\/#breadcrumb"},"inLanguage":"ca","potentialAction":[{"@type":"ReadAction","target":["https:\/\/clicksfotoivideo.com\/ca\/galeria\/"]}]},{"@type":"BreadcrumbList","@id":"https:\/\/clicksfotoivideo.com\/ca\/galeria\/#breadcrumb","itemListElement":[{"@type":"ListItem","position":1,"name":"Inici","item":"https:\/\/clicksfotoivideo.com\/ca\/inici\/"},{"@type":"ListItem","position":2,"name":"Galeria"}]},{"@type":"WebSite","@id":"https:\/\/clicksfotoivideo.com\/ca\/#website","url":"https:\/\/clicksfotoivideo.com\/ca\/","name":"Clicks Foto y V\u00eddeo","description":"Tu boda perfecta con fot\u00f3grafos profesionales","potentialAction":[{"@type":"SearchAction","target":{"@type":"EntryPoint","urlTemplate":"https:\/\/clicksfotoivideo.com\/ca\/?s={search_term_string}"},"query-input":{"@type":"PropertyValueSpecification","valueRequired":true,"valueName":"search_term_string"}}],"inLanguage":"ca"}]}},"_links":{"self":[{"href":"https:\/\/clicksfotoivideo.com\/ca\/wp-json\/wp\/v2\/pages\/685","targetHints":{"allow":["GET"]}}],"collection":[{"href":"https:\/\/clicksfotoivideo.com\/ca\/wp-json\/wp\/v2\/pages"}],"about":[{"href":"https:\/\/clicksfotoivideo.com\/ca\/wp-json\/wp\/v2\/types\/page"}],"author":[{"embeddable":true,"href":"https:\/\/clicksfotoivideo.com\/ca\/wp-json\/wp\/v2\/users\/3"}],"replies":[{"embeddable":true,"href":"https:\/\/clicksfotoivideo.com\/ca\/wp-json\/wp\/v2\/comments?post=685"}],"version-history":[{"count":6,"href":"https:\/\/clicksfotoivideo.com\/ca\/wp-json\/wp\/v2\/pages\/685\/revisions"}],"predecessor-version":[{"id":1089,"href":"https:\/\/clicksfotoivideo.com\/ca\/wp-json\/wp\/v2\/pages\/685\/revisions\/1089"}],"wp:attachment":[{"href":"https:\/\/clicksfotoivideo.com\/ca\/wp-json\/wp\/v2\/media?parent=685"}],"curies":[{"name":"wp","href":"https:\/\/api.w.org\/{rel}","templated":true}]}}